{"id":9654,"date":"2017-06-11T14:15:08","date_gmt":"2017-06-11T14:15:08","guid":{"rendered":"http:\/\/www.avalonparis.com\/leregent\/"},"modified":"2026-02-26T16:14:40","modified_gmt":"2026-02-26T16:14:40","slug":"avalon-hotel-paris-gare-du-nord","status":"publish","type":"page","link":"https:\/\/www.avalonparis.com\/it\/","title":{"rendered":"H\u00f4tel Avalon Paris  | Site officiel"},"content":{"rendered":"<p>[vc_row full_height=&#8221;yes&#8221; text_align=&#8221;center&#8221; text_color=&#8221;#ffffff&#8221; type=&#8221;image&#8221; bg_position_horizontal=&#8221;center&#8221; bg_attachment=&#8221;true&#8221; enable_parallax=&#8221;false&#8221; column_gap=&#8221;no&#8221; padding_top=&#8221;&#8221; padding_bottom=&#8221;&#8221; min_height=&#8221;&#8221; fixed_height=&#8221;&#8221; el_class=&#8221;homeslider&#8221; bg_image=&#8221;18638&#8243;][vc_column]<div class=\"kleo-visibility visible-xs visible-sm\"><div class=\"text-center\"><a class=\"btn btn-highlight btn-lg\" href=\"https:\/\/www.secure-hotel-booking.com\/AvalonHotel\/JKLH\/?hotelId=28298&amp;_gl=1*2hywzr*_gcl_au*MTk2MzU1NTgzOC4xNzEyMDYzNjU0\">Book now<\/a><\/div>[vc_empty_space]<\/div>[vc_column_text el_class=&#8221;titreaccueil&#8221; css=&#8221;.vc_custom_1771409959633{background-position: center !important;background-repeat: no-repeat !important;background-size: contain !important;}&#8221;]<\/p>\n<h1>Hotel 3 stelle<\/h1>\n<h2>IL MIGLIOR POSTO DOVE SOGGIORNARE A PARIGI<\/h2>\n<p>[\/vc_column_text][\/vc_column][\/vc_row][vc_row padding_top=&#8221;130&#8243; border=&#8221;bottom&#8221; el_class=&#8221;homeintro&#8221;][vc_column width=&#8221;1\/2&#8243;][vc_column_text animation=&#8221;animate-when-visible&#8221; css_animation=&#8221;left-to-right&#8221;]<\/p>\n<h1><span data-sheets-root=\"1\">Situato a meno di 5 minuti a piedi dalla Gare du Nord, nel centro di Parigi, l&#8217;Avalon Hotel Paris Gare du Nord vi invita a immergervi in un&#8217;atmosfera accogliente all&#8217;interno di un edificio tipicamente parigino.<\/span><\/h1>\n<p>[\/vc_column_text][\/vc_column][vc_column width=&#8221;1\/2&#8243;][vc_column_text animation=&#8221;animate-when-visible&#8221;]<span data-sheets-root=\"1\">Situato a due passi dalla Gare du Nord, l&#8217;Avalon Hotel Paris (59 camere) \u00e8 il punto di partenza ideale per esplorare la capitale. La metropolitana e la RER consentono di raggiungere facilmente il cimitero di P\u00e8re-Lachaise, le Galeries Lafayette, lo Stade de France o l&#8217;aeroporto Paris-Charles-de-Gaulle.<\/span><\/p>\n<p>Il quartiere, vivace e autentico, \u00e8 ricco di ristoranti e locali tipicamente parigini. Volete scoprire la citt\u00e0 in modo diverso? Noleggiate una V\u00e9lib&#8217; e raggiungete i Grands Boulevards per una serata a teatro o un concerto.<\/p>\n<p>A pochi minuti a piedi, vi aspetta il fascino di Montmartre, con il Sacr\u00e9-C\u0153ur e la Place du Tertre.<\/p>\n<p>Prenotate direttamente sul nostro sito per approfittare delle migliori tariffe garantite, senza costi aggiuntivi.<br \/>\nIl nostro team multilingue (francese, inglese, spagnolo, tedesco) \u00e8 a vostra disposizione per rendere il vostro soggiorno un&#8217;esperienza indimenticabile.[\/vc_column_text][\/vc_column][\/vc_row][vc_row el_id=&#8221;rooms&#8221; inner_container=&#8221;no&#8221; text_align=&#8221;center&#8221; padding_top=&#8221;130&#8243; padding_left=&#8221;10&#8243; padding_right=&#8221;10&#8243; el_class=&#8221;homerooms&#8221;][vc_column][vc_column_text animation=&#8221;animate-when-visible&#8221; css_animation=&#8221;bottom-to-top&#8221;]<\/p>\n<h2><span data-sheets-root=\"1\">Scoprite le nostre camere<\/span><\/h2>\n<p>[\/vc_column_text][vc_basic_grid post_type=&#8221;rooms&#8221; max_items=&#8221;10&#8243; element_width=&#8221;3&#8243; gap=&#8221;10&#8243; orderby=&#8221;menu_order&#8221; order=&#8221;ASC&#8221; item=&#8221;17963&#8243; initial_loading_animation=&#8221;none&#8221; grid_id=&#8221;vc_gid:1772122423099-7bd75b8c-b073-1&#8243;][\/vc_column][\/vc_row][vc_row el_id=&#8221;services&#8221; inner_container=&#8221;no&#8221; section_type=&#8221;alternate&#8221; padding_top=&#8221;130&#8243; padding_left=&#8221;30&#8243; padding_right=&#8221;30&#8243; visibility=&#8221;hidden-xs,hidden-sm&#8221; el_class=&#8221;homeservices&#8221;][vc_column][vc_column_text animation=&#8221;animate-when-visible&#8221; css_animation=&#8221;bottom-to-top&#8221;]<\/p>\n<h2 style=\"text-align: center;\"><span data-sheets-root=\"1\">Tutti i servizi di cui avete bisogno<\/span><\/h2>\n<p>[\/vc_column_text][vc_row_inner][vc_column_inner width=&#8221;1\/5&#8243;][vc_icon icon_fontawesome=&#8221;fa fa-star-o&#8221; color=&#8221;sky&#8221; background_style=&#8221;rounded-outline&#8221; size=&#8221;lg&#8221; align=&#8221;center&#8221; css_animation=&#8221;fadeInUp&#8221;][vc_column_text]<\/p>\n<h4>Informazioni generali<\/h4>\n<ul>\n<li class=\"services-list\">Reception aperta 24 ore su 24<\/li>\n<li class=\"services-list\">Deposito bagagli gratuito<\/li>\n<li class=\"services-list\">Navetta aeroportuale (supplemento)<\/li>\n<li class=\"services-list\">Servizio di concierge<\/li>\n<li class=\"services-list\">Adattatori<\/li>\n<li class=\"services-list\">Gli animali domestici sono ammessi su richiesta \u2013 Si applica un supplemento (15 \u20ac)<\/li>\n<\/ul>\n<p>[\/vc_column_text][\/vc_column_inner][vc_column_inner width=&#8221;1\/5&#8243;][vc_icon icon_fontawesome=&#8221;fa fa-building-o&#8221; color=&#8221;sky&#8221; background_style=&#8221;rounded-outline&#8221; size=&#8221;lg&#8221; align=&#8221;center&#8221; css_animation=&#8221;fadeInUp&#8221;][vc_column_text]<\/p>\n<h4>Servizi della struttura<\/h4>\n<ul>\n<li class=\"services-list\">Camere familiari<\/li>\n<li class=\"services-list\">Ascensore (per tutte le camere dal 1\u00b0 al 5\u00b0 piano, scale per il 6\u00b0)<\/li>\n<li class=\"services-list\">Doppi vetri<\/li>\n<li class=\"services-list\">Salone comune \/ Sala TV<\/li>\n<li class=\"services-list\">Connessione Wi-Fi gratuita e illimitata disponibile in tutta la struttura<\/li>\n<li class=\"services-list\">Sale per seminari nelle vicinanze<\/li>\n<li class=\"services-list\">Fax \/ Fotocopiatrice<\/li>\n<li class=\"services-list\">Carta e matite<\/li>\n<\/ul>\n<p>[\/vc_column_text][\/vc_column_inner][vc_column_inner width=&#8221;1\/5&#8243;][vc_icon icon_fontawesome=&#8221;fa fa-television&#8221; color=&#8221;sky&#8221; background_style=&#8221;rounded-outline&#8221; size=&#8221;lg&#8221; align=&#8221;center&#8221; css_animation=&#8221;fadeInUp&#8221;][vc_column_text]<\/p>\n<h4>Dotazioni delle camere<\/h4>\n<ul>\n<li class=\"services-list\">Cassaforte alla reception e\/o in camera<\/li>\n<li class=\"services-list\">Ferro e asse da stiro<\/li>\n<li class=\"services-list\">Struttura accessibile alle persone con disabilit\u00e0<\/li>\n<li class=\"services-list\">Vassoio di cortesia<\/li>\n<li class=\"services-list\">Bollitore<\/li>\n<li class=\"services-list\">Bagno con doccia o vasca<\/li>\n<li class=\"services-list\">Asciugacapelli<\/li>\n<li class=\"services-list\">Lettino per bambini su richiesta<\/li>\n<li class=\"services-list\">Riscaldamento<\/li>\n<li class=\"services-list\">Armadio<\/li>\n<li class=\"services-list\">Postazione di lavoro<\/li>\n<li class=\"services-list\">Lampada da lettura individuale<\/li>\n<li class=\"services-list\">TV LCD satellitare in ogni camera<\/li>\n<li class=\"services-list\">TNT<\/li>\n<\/ul>\n<p>[\/vc_column_text][\/vc_column_inner][vc_column_inner width=&#8221;1\/5&#8243;][vc_icon icon_fontawesome=&#8221;fa fa-bicycle&#8221; color=&#8221;sky&#8221; background_style=&#8221;rounded-outline&#8221; size=&#8221;lg&#8221; align=&#8221;center&#8221; css_animation=&#8221;fadeInUp&#8221;][vc_column_text]<\/p>\n<h4>Attivit\u00e0<\/h4>\n<ul>\n<li class=\"services-list\">Palestra<\/li>\n<\/ul>\n<p>[\/vc_column_text][\/vc_column_inner][vc_column_inner width=&#8221;1\/5&#8243;][vc_icon icon_fontawesome=&#8221;fa fa-cutlery&#8221; color=&#8221;sky&#8221; background_style=&#8221;rounded-outline&#8221; size=&#8221;lg&#8221; align=&#8221;center&#8221; css_animation=&#8221;fadeInUp&#8221;][vc_column_text]<\/p>\n<h4>Ristorazione<\/h4>\n<ul>\n<li class=\"services-list\">Colazione<\/li>\n<\/ul>\n<p>[\/vc_column_text][\/vc_column_inner][\/vc_row_inner][\/vc_column][\/vc_row][vc_row gap=&#8221;10&#8243; el_id=&#8221;contact&#8221; padding_top=&#8221;130&#8243; padding_bottom=&#8221;40px&#8221; min_height=&#8221;&#8221; fixed_height=&#8221;&#8221; el_class=&#8221;homecontact&#8221;][vc_column width=&#8221;1\/4&#8243;][vc_icon icon_fontawesome=&#8221;fa fa-map-signs&#8221; color=&#8221;sky&#8221; background_style=&#8221;rounded-outline&#8221; size=&#8221;lg&#8221; align=&#8221;center&#8221; css_animation=&#8221;fadeInUp&#8221;][vc_column_text animation=&#8221;animate-when-visible&#8221; css_animation=&#8221;bottom-to-top&#8221;]<\/p>\n<h4>Come arrivare?<\/h4>\n<p>[\/vc_column_text][vc_column_text]<span data-sheets-root=\"1\">L&#8217;Avalon Hotel Paris Gare du Nord si trova a 3 minuti a piedi dalla Gare du Nord, che serve le linee ferroviarie Eurostar e Thalys.<\/span><\/p>\n<p><strong>Dall&#8217;aeroporto Charles-de-Gaulle<\/strong><br \/>\nPrendere la RER B in direzione Saint-R\u00e9my-l\u00e8s-Chevreuse o Robinson.<br \/>\nScendere alla stazione Gare du Nord.<br \/>\nUscite dalla stazione Rue de Dunkerque sulla destra fino al boulevard de Magenta.<\/p>\n<p><strong>Dall&#8217;aeroporto di Orly<\/strong><br \/>\nPrendete la linea 14 dalla stazione A\u00e9roport d&#8217;Orly fino a Ch\u00e2telet (8 fermate).<br \/>\nPrendete poi la linea 4 in direzione Porte de Clignancourt fino a Gare du Nord (2 fermate).<br \/>\nScendere alla stazione Gare du Nord.<br \/>\nCamminare per circa 5 minuti sul Boulevard de Magenta fino al numero 131.<br \/>\n<strong>Metropolitana<\/strong>: Gare du Nord (linee 4, 5, RER B, D, E); Barb\u00e8s Rochechouart (linee 2 e 4); Poissonni\u00e8re (linea 7)[\/vc_column_text][\/vc_column][vc_column width=&#8221;1\/2&#8243;][vc_icon icon_fontawesome=&#8221;fa fa-map-marker&#8221; color=&#8221;sky&#8221; background_style=&#8221;rounded-outline&#8221; size=&#8221;lg&#8221; align=&#8221;center&#8221; css_animation=&#8221;fadeInUp&#8221;][vc_column_text]<\/p>\n<h4>Indicazioni<\/h4>\n<p>[\/vc_column_text][vc_gmaps link=&#8221;#E-8_JTNDaWZyYW1lJTIwc3JjJTNEJTIyaHR0cHMlM0ElMkYlMkZ3d3cuZ29vZ2xlLmNvbSUyRm1hcHMlMkZlbWJlZCUzRnBiJTNEJTIxMW0xOCUyMTFtMTIlMjExbTMlMjExZDI2MjMuODA1MzMwMTg0MTkzNyUyMTJkMi4zNDkzMDM5NTE2NDYzNjAzJTIxM2Q0OC44ODA5ODc1MDY5NjY5MyUyMTJtMyUyMTFmMCUyMTJmMCUyMTNmMCUyMTNtMiUyMTFpMTAyNCUyMTJpNzY4JTIxNGYxMy4xJTIxM20zJTIxMW0yJTIxMXMweDQ3ZTY2ZTZiZmNhMzQ5NWQlMjUzQTB4Yjg1NGIwNmIyOWE3MDgzYiUyMTJzSCUyNUMzJTI1QjR0ZWwlMkJBdmFsb24lMkJQYXJpcyUyMTVlMCUyMTNtMiUyMTFzZW4lMjEyc2lsJTIxNHYxNTEzNjY3MjgyMjM0JTIyJTIwd2lkdGglM0QlMjI2MDAlMjIlMjBoZWlnaHQlM0QlMjI0NTAlMjIlMjBmcmFtZWJvcmRlciUzRCUyMjAlMjIlMjBzdHlsZSUzRCUyMmJvcmRlciUzQTAlMjIlMjBhbGxvd2Z1bGxzY3JlZW4lM0UlM0MlMkZpZnJhbWUlM0U=&#8221;][\/vc_column][vc_column width=&#8221;1\/4&#8243;][vc_icon icon_fontawesome=&#8221;fa fa-envelope-open-o&#8221; color=&#8221;sky&#8221; background_style=&#8221;rounded-outline&#8221; size=&#8221;lg&#8221; align=&#8221;center&#8221; css_animation=&#8221;fadeInUp&#8221;][vc_column_text animation=&#8221;animate-when-visible&#8221; css_animation=&#8221;bottom-to-top&#8221;]<\/p>\n<h4>Inviaci un messaggio<\/h4>\n<p>[\/vc_column_text][vc_column_text]\n<div class=\"wpcf7 no-js\" id=\"wpcf7-f10-o1\" lang=\"en-US\" dir=\"ltr\">\n<div class=\"screen-reader-response\"><p role=\"status\" aria-live=\"polite\" aria-atomic=\"true\"><\/p> <ul><\/ul><\/div>\n<form action=\"\/it\/wp-json\/wp\/v2\/pages\/9654#wpcf7-f10-o1\" method=\"post\" class=\"wpcf7-form init\" aria-label=\"Contact form\" novalidate=\"novalidate\" data-status=\"init\">\n<div style=\"display: none;\">\n<input type=\"hidden\" name=\"_wpcf7\" value=\"10\" \/>\n<input type=\"hidden\" name=\"_wpcf7_version\" value=\"5.9.5\" \/>\n<input type=\"hidden\" name=\"_wpcf7_locale\" value=\"en_US\" \/>\n<input type=\"hidden\" name=\"_wpcf7_unit_tag\" value=\"wpcf7-f10-o1\" \/>\n<input type=\"hidden\" name=\"_wpcf7_container_post\" value=\"0\" \/>\n<input type=\"hidden\" name=\"_wpcf7_posted_data_hash\" value=\"\" \/>\n<input type=\"hidden\" name=\"_wpcf7_recaptcha_response\" value=\"\" \/>\n<\/div>\n<div class=\"order\">\n\t<p><span class=\"wpcf7-form-control-wrap\" data-name=\"your-name\"><input size=\"40\" class=\"wpcf7-form-control wpcf7-text wpcf7-validates-as-required\" aria-required=\"true\" aria-invalid=\"false\" placeholder=\"Name\" value=\"\" type=\"text\" name=\"your-name\" \/><\/span>\n\t<\/p>\n\t<p><span class=\"wpcf7-form-control-wrap\" data-name=\"your-email\"><input size=\"40\" class=\"wpcf7-form-control wpcf7-email wpcf7-validates-as-required wpcf7-text wpcf7-validates-as-email\" aria-required=\"true\" aria-invalid=\"false\" placeholder=\"Email\" value=\"\" type=\"email\" name=\"your-email\" \/><\/span>\n\t<\/p>\n\t<p><span class=\"wpcf7-form-control-wrap\" data-name=\"you-are\"><select class=\"wpcf7-form-control wpcf7-select wpcf7-validates-as-required\" aria-required=\"true\" aria-invalid=\"false\" name=\"you-are\"><option value=\"\">You travel for<\/option><option value=\"Business\">Business<\/option><option value=\"Family\">Family<\/option><option value=\"Fun\">Fun<\/option><option value=\"Romantic\">Romantic<\/option><option value=\"Other\">Other<\/option><\/select><\/span>\n\t<\/p>\n\t<p><span class=\"wpcf7-form-control-wrap\" data-name=\"your-message\"><textarea cols=\"40\" rows=\"4\" class=\"wpcf7-form-control wpcf7-textarea\" aria-invalid=\"false\" placeholder=\"Your Message\" name=\"your-message\"><\/textarea><\/span>\n\t<\/p>\n\t<p>\n\t\n\t<\/p>\n\t<p><input class=\"wpcf7-form-control wpcf7-submit has-spinner btn-order\" type=\"submit\" value=\"Send\" \/>\n\t<\/p>\n<\/div><div class=\"wpcf7-response-output\" aria-hidden=\"true\"><\/div>\n<\/form>\n<\/div>\n[\/vc_column_text][\/vc_column][\/vc_row][vc_row][vc_column][vc_column_text][\/vc_column_text][\/vc_column][\/vc_row]<\/p>\n","protected":false},"excerpt":{"rendered":"<p>[vc_row full_height=&#8221;yes&#8221; text_align=&#8221;center&#8221; text_color=&#8221;#ffffff&#8221; type=&#8221;image&#8221; bg_position_horizontal=&#8221;center&#8221; bg_attachment=&#8221;true&#8221; enable_parallax=&#8221;false&#8221; column_gap=&#8221;no&#8221; padding_top=&#8221;&#8221; padding_bottom=&#8221;&#8221; min_height=&#8221;&#8221; fixed_height=&#8221;&#8221; el_class=&#8221;homeslider&#8221; bg_image=&#8221;18638&#8243;][vc_column][vc_column_text el_class=&#8221;titreaccueil&#8221; css=&#8221;.vc_custom_1771409959633{background-position: center !important;background-repeat: no-repeat !important;background-size: contain !important;}&#8221;] Hotel 3 stelle IL MIGLIOR POSTO DOVE SOGGIORNARE A PARIGI [\/vc_column_text][\/vc_column][\/vc_row][vc_row padding_top=&#8221;130&#8243; border=&#8221;bottom&#8221; el_class=&#8221;homeintro&#8221;][vc_column width=&#8221;1\/2&#8243;][vc_column_text animation=&#8221;animate-when-visible&#8221; css_animation=&#8221;left-to-right&#8221;] Situato a meno di 5 minuti a piedi dalla Gare du Nord, nel centro di Parigi, l&#8217;Avalon Hotel Paris Gare [&hellip;]<\/p>\n","protected":false},"author":1,"featured_media":0,"parent":0,"menu_order":0,"comment_status":"closed","ping_status":"closed","template":"page-templates\/full-width.php","meta":{"footnotes":""},"_links":{"self":[{"href":"https:\/\/www.avalonparis.com\/it\/wp-json\/wp\/v2\/pages\/9654"}],"collection":[{"href":"https:\/\/www.avalonparis.com\/it\/wp-json\/wp\/v2\/pages"}],"about":[{"href":"https:\/\/www.avalonparis.com\/it\/wp-json\/wp\/v2\/types\/page"}],"author":[{"embeddable":true,"href":"https:\/\/www.avalonparis.com\/it\/wp-json\/wp\/v2\/users\/1"}],"replies":[{"embeddable":true,"href":"https:\/\/www.avalonparis.com\/it\/wp-json\/wp\/v2\/comments?post=9654"}],"version-history":[{"count":38,"href":"https:\/\/www.avalonparis.com\/it\/wp-json\/wp\/v2\/pages\/9654\/revisions"}],"predecessor-version":[{"id":19809,"href":"https:\/\/www.avalonparis.com\/it\/wp-json\/wp\/v2\/pages\/9654\/revisions\/19809"}],"wp:attachment":[{"href":"https:\/\/www.avalonparis.com\/it\/wp-json\/wp\/v2\/media?parent=9654"}],"curies":[{"name":"wp","href":"https:\/\/api.w.org\/{rel}","templated":true}]}}