{"id":35,"date":"2017-06-11T14:15:08","date_gmt":"2017-06-11T14:15:08","guid":{"rendered":"http:\/\/www.avalonparis.com\/?page_id=35\/"},"modified":"2026-03-04T11:24:28","modified_gmt":"2026-03-04T11:24:28","slug":"hotel-avalon","status":"publish","type":"page","link":"https:\/\/www.avalonparis.com\/fr\/","title":{"rendered":"H\u00f4tel Avalon Paris | Site officiel"},"content":{"rendered":"<p>[vc_row full_height=\u00a0\u00bbyes\u00a0\u00bb text_align=\u00a0\u00bbcenter\u00a0\u00bb text_color=\u00a0\u00bb#ffffff\u00a0\u00bb type=\u00a0\u00bbimage\u00a0\u00bb bg_position_horizontal=\u00a0\u00bbcenter\u00a0\u00bb bg_attachment=\u00a0\u00bbtrue\u00a0\u00bb enable_parallax=\u00a0\u00bbfalse\u00a0\u00bb column_gap=\u00a0\u00bbno\u00a0\u00bb padding_top=\u00a0\u00bb\u00a0\u00bb padding_bottom=\u00a0\u00bb\u00a0\u00bb min_height=\u00a0\u00bb\u00a0\u00bb fixed_height=\u00a0\u00bb\u00a0\u00bb el_class=\u00a0\u00bbhomeslider\u00a0\u00bb bg_image=\u00a0\u00bb18639&Prime;][vc_column]<div class=\"kleo-visibility visible-xs visible-sm\"><div class=\"text-center\"><a class=\"btn btn-highlight btn-lg\" href=\"https:\/\/www.secure-hotel-booking.com\/AvalonHotel\/JKLH\/?hotelId=28298&amp;_gl=1*2hywzr*_gcl_au*MTk2MzU1NTgzOC4xNzEyMDYzNjU0\">R\u00e9server<\/a><\/div>[vc_empty_space]<\/div>[vc_column_text el_class=\u00a0\u00bbtitreaccueil\u00a0\u00bb css=\u00a0\u00bb.vc_custom_1770308608764{background-position: center !important;background-repeat: no-repeat !important;background-size: contain !important;}\u00a0\u00bb]<\/p>\n<h1>H\u00f4tel 3 \u00e9toiles<\/h1>\n<h2>LE MEILLEUR ENDROIT O<strong>\u00d9<\/strong> S<strong>\u00c9<\/strong>JOURNER <strong>\u00c0<\/strong> PARIS<\/h2>\n<p>[\/vc_column_text][\/vc_column][\/vc_row][vc_row padding_top=\u00a0\u00bb130&Prime; border=\u00a0\u00bbbottom\u00a0\u00bb el_class=\u00a0\u00bbhomeintro\u00a0\u00bb][vc_column width=\u00a0\u00bb1\/2&Prime;][vc_column_text animation=\u00a0\u00bbanimate-when-visible\u00a0\u00bb css_animation=\u00a0\u00bbleft-to-right\u00a0\u00bb]<\/p>\n<h1>Situ\u00e9 \u00e0 moins de 5mn \u00e0 pied de la Gare du Nord, dans le centre de Paris, l&rsquo;Avalon Hotel Paris Gare du Nord vous invite \u00e0 plonger dans une atmosph\u00e8re chaleureuse au sein d&rsquo;un immeuble typiquement parisien.<\/h1>\n<p>[\/vc_column_text][\/vc_column][vc_column width=\u00a0\u00bb1\/2&Prime;][vc_column_text animation=\u00a0\u00bbanimate-when-visible\u00a0\u00bb]<\/p>\n<p data-start=\"156\" data-end=\"560\">Situ\u00e9 \u00e0 deux pas de la <span class=\"hover:entity-accent entity-underline inline cursor-pointer align-baseline\"><span class=\"whitespace-normal\">Gare du Nord<\/span><\/span>, l\u2019Hotel Avalon Paris\u00a0 (59 chambres) est le point de d\u00e9part id\u00e9al pour explorer la capitale. M\u00e9tro et RER vous permettent de rejoindre facilement le <span class=\"hover:entity-accent entity-underline inline cursor-pointer align-baseline\"><span class=\"whitespace-normal\">Cimeti\u00e8re du P\u00e8re-Lachaise<\/span><\/span>, les <span class=\"hover:entity-accent entity-underline inline cursor-pointer align-baseline\"><span class=\"whitespace-normal\">Galeries Lafayette<\/span><\/span>, le <span class=\"hover:entity-accent entity-underline inline cursor-pointer align-baseline\"><span class=\"whitespace-normal\">Stade de France<\/span><\/span> ou encore l\u2019a\u00e9roport <span class=\"hover:entity-accent entity-underline inline cursor-pointer align-baseline\"><span class=\"whitespace-normal\">A\u00e9roport Paris-Charles-de-Gaulle<\/span><\/span>.<\/p>\n<p data-start=\"562\" data-end=\"806\">Le quartier, vivant et authentique, regorge de restaurants et d\u2019adresses typiquement parisiennes. Envie de d\u00e9couvrir la ville autrement ? Louez un V\u00e9lib\u2019 et rejoignez les <span class=\"hover:entity-accent entity-underline inline cursor-pointer align-baseline\"><span class=\"whitespace-normal\">Grands Boulevards<\/span><\/span> pour une soir\u00e9e th\u00e9\u00e2tre ou concert.<\/p>\n<p data-start=\"808\" data-end=\"989\">\u00c0 quelques minutes \u00e0 pied, le charme de <span class=\"hover:entity-accent entity-underline inline cursor-pointer align-baseline\"><span class=\"whitespace-normal\">Montmartre<\/span><\/span> vous attend, avec le <span class=\"hover:entity-accent entity-underline inline cursor-pointer align-baseline\"><span class=\"whitespace-normal\">Sacr\u00e9-C\u0153ur<\/span><\/span> et la <span class=\"hover:entity-accent entity-underline inline cursor-pointer align-baseline\"><span class=\"whitespace-normal\">Place du Tertre<\/span><\/span>.<\/p>\n<p data-start=\"991\" data-end=\"1246\">R\u00e9servez en direct sur notre site pour b\u00e9n\u00e9ficier des meilleurs tarifs garantis, sans frais suppl\u00e9mentaires.<br data-start=\"1099\" data-end=\"1102\" \/>Notre \u00e9quipe multilingue (fran\u00e7ais, anglais, espagnol, allemand) se tient \u00e0 votre disposition pour faire de votre s\u00e9jour une exp\u00e9rience r\u00e9ussie.<\/p>\n<p>[\/vc_column_text][\/vc_column][\/vc_row][vc_row el_id=\u00a0\u00bbrooms\u00a0\u00bb inner_container=\u00a0\u00bbno\u00a0\u00bb text_align=\u00a0\u00bbcenter\u00a0\u00bb padding_top=\u00a0\u00bb130&Prime; padding_left=\u00a0\u00bb10&Prime; padding_right=\u00a0\u00bb10&Prime; el_class=\u00a0\u00bbhomerooms\u00a0\u00bb][vc_column][vc_column_text animation=\u00a0\u00bbanimate-when-visible\u00a0\u00bb css_animation=\u00a0\u00bbbottom-to-top\u00a0\u00bb]<\/p>\n<h2>D\u00e9couvrez nos chambres<\/h2>\n<p>[\/vc_column_text][vc_basic_grid post_type=\u00a0\u00bbrooms\u00a0\u00bb max_items=\u00a0\u00bb10&Prime; element_width=\u00a0\u00bb3&Prime; gap=\u00a0\u00bb10&Prime; order=\u00a0\u00bbASC\u00a0\u00bb item=\u00a0\u00bb17963&Prime; initial_loading_animation=\u00a0\u00bbnone\u00a0\u00bb grid_id=\u00a0\u00bbvc_gid:1772623388754-cc3f10cc-de28-0&Prime; taxonomies=\u00a0\u00bb203&Prime;][\/vc_column][\/vc_row][vc_row el_id=\u00a0\u00bbservices\u00a0\u00bb inner_container=\u00a0\u00bbno\u00a0\u00bb section_type=\u00a0\u00bbalternate\u00a0\u00bb padding_top=\u00a0\u00bb130&Prime; padding_left=\u00a0\u00bb30&Prime; padding_right=\u00a0\u00bb30&Prime; visibility=\u00a0\u00bbhidden-xs,hidden-sm\u00a0\u00bb el_class=\u00a0\u00bbhomeservices\u00a0\u00bb][vc_column][vc_column_text animation=\u00a0\u00bbanimate-when-visible\u00a0\u00bb css_animation=\u00a0\u00bbbottom-to-top\u00a0\u00bb]<\/p>\n<h2 style=\"text-align: center;\">Tous les services dont vous avez besoin<\/h2>\n<p>[\/vc_column_text][vc_row_inner][vc_column_inner width=\u00a0\u00bb1\/5&Prime;][vc_icon icon_fontawesome=\u00a0\u00bbfa fa-star-o\u00a0\u00bb color=\u00a0\u00bbsky\u00a0\u00bb background_style=\u00a0\u00bbrounded-outline\u00a0\u00bb size=\u00a0\u00bblg\u00a0\u00bb align=\u00a0\u00bbcenter\u00a0\u00bb css_animation=\u00a0\u00bbfadeInUp\u00a0\u00bb][vc_column_text]<\/p>\n<h4>Informations g\u00e9n\u00e9rales<\/h4>\n<ul>\n<li class=\"services-list\">R\u00e9ception ouverte 24h\/24<\/li>\n<li class=\"services-list\">Bagagerie gratuite<\/li>\n<li class=\"services-list\">Navette a\u00e9roport (supp.)<\/li>\n<li class=\"services-list\">Service de Conciergerie<\/li>\n<li class=\"services-list\">Adaptateurs<\/li>\n<li class=\"services-list\">Les animaux de compagnie sont admis sur demande &#8211; Frais suppl\u00e9mentaires appliqu\u00e9s (15\u20ac)<\/li>\n<\/ul>\n<p>[\/vc_column_text][\/vc_column_inner][vc_column_inner width=\u00a0\u00bb1\/5&Prime;][vc_icon icon_fontawesome=\u00a0\u00bbfa fa-building-o\u00a0\u00bb color=\u00a0\u00bbsky\u00a0\u00bb background_style=\u00a0\u00bbrounded-outline\u00a0\u00bb size=\u00a0\u00bblg\u00a0\u00bb align=\u00a0\u00bbcenter\u00a0\u00bb css_animation=\u00a0\u00bbfadeInUp\u00a0\u00bb][vc_column_text]<\/p>\n<h4>\u00c9quipements de l&rsquo;\u00e9tablissement<\/h4>\n<ul>\n<li class=\"services-list\">Chambre familiales<\/li>\n<li class=\"services-list\">Ascenseur (pour toutes les chambres du 1er au 5\u00e8me \u00e9tage, escalier pour le 6\u00e8me)<\/li>\n<li class=\"services-list\">Double vitrage<\/li>\n<li class=\"services-list\">Salon commun \/ Salle de t\u00e9l\u00e9vision<\/li>\n<li class=\"services-list\">Connexion Wi-Fi gratuite et illimit\u00e9e disponible dans tout l\u2019\u00e9tablissement<\/li>\n<li class=\"services-list\">Salles de s\u00e9minaires \u00e0 proximit\u00e9<\/li>\n<li class=\"services-list\">Fax \/ Photocopieur<\/li>\n<li class=\"services-list\">Papier &amp; Crayons<\/li>\n<\/ul>\n<p>[\/vc_column_text][\/vc_column_inner][vc_column_inner width=\u00a0\u00bb1\/5&Prime;][vc_icon icon_fontawesome=\u00a0\u00bbfa fa-television\u00a0\u00bb color=\u00a0\u00bbsky\u00a0\u00bb background_style=\u00a0\u00bbrounded-outline\u00a0\u00bb size=\u00a0\u00bblg\u00a0\u00bb align=\u00a0\u00bbcenter\u00a0\u00bb css_animation=\u00a0\u00bbfadeInUp\u00a0\u00bb][vc_column_text]<\/p>\n<h4>\u00c9quipements des chambres<\/h4>\n<ul>\n<li class=\"services-list\">Coffre \u00e0 la r\u00e9ception et\/ou dans la chambre<\/li>\n<li class=\"services-list\">Fer et table \u00e0 repasser<\/li>\n<li class=\"services-list\">\u00c9tablissement accessible aux personnes handicap\u00e9es<\/li>\n<li class=\"services-list\">Plateaux de courtoisie<\/li>\n<li class=\"services-list\">Bouilloire<\/li>\n<li class=\"services-list\">Salle de bains avec douche ou baignoire<\/li>\n<li class=\"services-list\">S\u00e8che cheveux<\/li>\n<li class=\"services-list\">Lit b\u00e9b\u00e9 sur demande<\/li>\n<li class=\"services-list\">Chauffage<\/li>\n<li class=\"services-list\">Penderie<\/li>\n<li class=\"services-list\">Espace de travail<\/li>\n<li class=\"services-list\">Liseuse individuelle<\/li>\n<li class=\"services-list\">T\u00e9l\u00e9vision LCD satellite dans chaque chambre<\/li>\n<li class=\"services-list\">TNT<\/li>\n<\/ul>\n<p>[\/vc_column_text][\/vc_column_inner][vc_column_inner width=\u00a0\u00bb1\/5&Prime;][vc_icon icon_fontawesome=\u00a0\u00bbfa fa-bicycle\u00a0\u00bb color=\u00a0\u00bbsky\u00a0\u00bb background_style=\u00a0\u00bbrounded-outline\u00a0\u00bb size=\u00a0\u00bblg\u00a0\u00bb align=\u00a0\u00bbcenter\u00a0\u00bb css_animation=\u00a0\u00bbfadeInUp\u00a0\u00bb][vc_column_text]<\/p>\n<h4>Activit\u00e9s<\/h4>\n<ul>\n<li class=\"services-list\">Salle de sport<\/li>\n<\/ul>\n<p>[\/vc_column_text][\/vc_column_inner][vc_column_inner width=\u00a0\u00bb1\/5&Prime;][vc_icon icon_fontawesome=\u00a0\u00bbfa fa-cutlery\u00a0\u00bb color=\u00a0\u00bbsky\u00a0\u00bb background_style=\u00a0\u00bbrounded-outline\u00a0\u00bb size=\u00a0\u00bblg\u00a0\u00bb align=\u00a0\u00bbcenter\u00a0\u00bb css_animation=\u00a0\u00bbfadeInUp\u00a0\u00bb][vc_column_text]<\/p>\n<h4>Restauration<\/h4>\n<ul>\n<li class=\"services-list\">Petit-d\u00e9jeuner<\/li>\n<\/ul>\n<p>[\/vc_column_text][\/vc_column_inner][\/vc_row_inner][\/vc_column][\/vc_row][vc_row gap=\u00a0\u00bb10&Prime; el_id=\u00a0\u00bbcontact\u00a0\u00bb padding_top=\u00a0\u00bb130&Prime; padding_bottom=\u00a0\u00bb40px\u00a0\u00bb min_height=\u00a0\u00bb\u00a0\u00bb fixed_height=\u00a0\u00bb\u00a0\u00bb el_class=\u00a0\u00bbhomecontact\u00a0\u00bb][vc_column width=\u00a0\u00bb1\/4&Prime;][vc_icon icon_fontawesome=\u00a0\u00bbfa fa-map-signs\u00a0\u00bb color=\u00a0\u00bbsky\u00a0\u00bb background_style=\u00a0\u00bbrounded-outline\u00a0\u00bb size=\u00a0\u00bblg\u00a0\u00bb align=\u00a0\u00bbcenter\u00a0\u00bb css_animation=\u00a0\u00bbfadeInUp\u00a0\u00bb][vc_column_text animation=\u00a0\u00bbanimate-when-visible\u00a0\u00bb css_animation=\u00a0\u00bbbottom-to-top\u00a0\u00bb]<\/p>\n<h4>Comment se rendre \u00e0 l&rsquo;h\u00f4tel ?<\/h4>\n<p>[\/vc_column_text][vc_column_text]L\u2019Avalon Hotel Paris Gare du Nord se trouve \u00e0 seulement 3 minutes \u00e0 pied de la Gare du Nord, desservie par les trains Eurostar ainsi que par de nombreuses lignes de m\u00e9tro, RER et trains nationaux.<\/p>\n<h4>De l&rsquo;a\u00e9roport Charles-de-Gaulle<\/h4>\n<p>Prenez le RER B en direction de Saint-R\u00e9my-l\u00e8s-Chevreuse ou Massy &#8211; Palaiseau.<br \/>\nDescendez \u00e0 la station Gare du Nord.<br \/>\nSortez de la gare Rue de Dunkerque \u00e0 droite jusqu\u2019au boulevard de Magenta.<\/p>\n<h4>De l&rsquo;a\u00e9roport d&rsquo;Orly<\/h4>\n<ol data-start=\"27\" data-end=\"330\">\n<li data-start=\"27\" data-end=\"113\">Prenez la ligne 14 depuis la station A\u00e9roport d\u2019Orly jusqu\u2019\u00e0 Ch\u00e2telet (12 arr\u00eats).<\/li>\n<li data-start=\"114\" data-end=\"215\">Prenez ensuite la ligne 4 en direction de Porte de Clignancourt jusqu\u2019\u00e0 Gare du Nord (7 arr\u00eats).<\/li>\n<li data-start=\"216\" data-end=\"257\">Descendez \u00e0 la station Gare du Nord.<\/li>\n<li data-start=\"258\" data-end=\"330\">Marchez environ 5 minutes sur le Boulevard de Magenta jusqu\u2019au 131.<\/li>\n<\/ol>\n<p data-start=\"332\" data-end=\"383\" data-is-last-node=\"\" data-is-only-node=\"\"><strong data-start=\"332\" data-end=\"383\" data-is-last-node=\"\">M\u00e9tro : <\/strong>Gare du Nord (lignes 4, 5, RER B, D, E); Barb\u00e8s Rochechouart (lignes 2 et 4) ; Poissonni\u00e8re (ligne 7)<\/p>\n<p>[\/vc_column_text][\/vc_column][vc_column width=\u00a0\u00bb1\/2&Prime;][vc_icon icon_fontawesome=\u00a0\u00bbfa fa-map-marker\u00a0\u00bb color=\u00a0\u00bbsky\u00a0\u00bb background_style=\u00a0\u00bbrounded-outline\u00a0\u00bb size=\u00a0\u00bblg\u00a0\u00bb align=\u00a0\u00bbcenter\u00a0\u00bb css_animation=\u00a0\u00bbfadeInUp\u00a0\u00bb][vc_column_text animation=\u00a0\u00bbanimate-when-visible\u00a0\u00bb css_animation=\u00a0\u00bbbottom-to-top\u00a0\u00bb]<\/p>\n<h4>Directions<\/h4>\n<p>[\/vc_column_text][vc_gmaps link=\u00a0\u00bb#E-8_JTNDaWZyYW1lJTIwc3JjJTNEJTIyaHR0cHMlM0ElMkYlMkZ3d3cuZ29vZ2xlLmNvbSUyRm1hcHMlMkZlbWJlZCUzRnBiJTNEJTIxMW0xOCUyMTFtMTIlMjExbTMlMjExZDI2MjMuODA1MzMwMTg0MTkzNyUyMTJkMi4zNDkzMDM5NTE2NDYzNjAzJTIxM2Q0OC44ODA5ODc1MDY5NjY5MyUyMTJtMyUyMTFmMCUyMTJmMCUyMTNmMCUyMTNtMiUyMTFpMTAyNCUyMTJpNzY4JTIxNGYxMy4xJTIxM20zJTIxMW0yJTIxMXMweDQ3ZTY2ZTZiZmNhMzQ5NWQlMjUzQTB4Yjg1NGIwNmIyOWE3MDgzYiUyMTJzSCUyNUMzJTI1QjR0ZWwlMkJBdmFsb24lMkJQYXJpcyUyMTVlMCUyMTNtMiUyMTFzZW4lMjEyc2lsJTIxNHYxNTEzNjY3MjgyMjM0JTIyJTIwd2lkdGglM0QlMjI2MDAlMjIlMjBoZWlnaHQlM0QlMjI0NTAlMjIlMjBmcmFtZWJvcmRlciUzRCUyMjAlMjIlMjBzdHlsZSUzRCUyMmJvcmRlciUzQTAlMjIlMjBhbGxvd2Z1bGxzY3JlZW4lM0UlM0MlMkZpZnJhbWUlM0U=\u00a0\u00bb][\/vc_column][vc_column width=\u00a0\u00bb1\/4&Prime;][vc_icon icon_fontawesome=\u00a0\u00bbfa fa-envelope-open-o\u00a0\u00bb color=\u00a0\u00bbsky\u00a0\u00bb background_style=\u00a0\u00bbrounded-outline\u00a0\u00bb size=\u00a0\u00bblg\u00a0\u00bb align=\u00a0\u00bbcenter\u00a0\u00bb css_animation=\u00a0\u00bbfadeInUp\u00a0\u00bb][vc_column_text animation=\u00a0\u00bbanimate-when-visible\u00a0\u00bb css_animation=\u00a0\u00bbbottom-to-top\u00a0\u00bb]<\/p>\n<h4>Envoyer un message<\/h4>\n<p>[\/vc_column_text][vc_column_text]\n<div class=\"wpcf7 no-js\" id=\"wpcf7-f10-o1\" lang=\"en-US\" dir=\"ltr\">\n<div class=\"screen-reader-response\"><p role=\"status\" aria-live=\"polite\" aria-atomic=\"true\"><\/p> <ul><\/ul><\/div>\n<form action=\"\/fr\/wp-json\/wp\/v2\/pages\/35#wpcf7-f10-o1\" method=\"post\" class=\"wpcf7-form init\" aria-label=\"Contact form\" novalidate=\"novalidate\" data-status=\"init\">\n<div style=\"display: none;\">\n<input type=\"hidden\" name=\"_wpcf7\" value=\"10\" \/>\n<input type=\"hidden\" name=\"_wpcf7_version\" value=\"5.9.5\" \/>\n<input type=\"hidden\" name=\"_wpcf7_locale\" value=\"en_US\" \/>\n<input type=\"hidden\" name=\"_wpcf7_unit_tag\" value=\"wpcf7-f10-o1\" \/>\n<input type=\"hidden\" name=\"_wpcf7_container_post\" value=\"0\" \/>\n<input type=\"hidden\" name=\"_wpcf7_posted_data_hash\" value=\"\" \/>\n<input type=\"hidden\" name=\"_wpcf7_recaptcha_response\" value=\"\" \/>\n<\/div>\n<div class=\"order\">\n\t<p><span class=\"wpcf7-form-control-wrap\" data-name=\"your-name\"><input size=\"40\" class=\"wpcf7-form-control wpcf7-text wpcf7-validates-as-required\" aria-required=\"true\" aria-invalid=\"false\" placeholder=\"Name\" value=\"\" type=\"text\" name=\"your-name\" \/><\/span>\n\t<\/p>\n\t<p><span class=\"wpcf7-form-control-wrap\" data-name=\"your-email\"><input size=\"40\" class=\"wpcf7-form-control wpcf7-email wpcf7-validates-as-required wpcf7-text wpcf7-validates-as-email\" aria-required=\"true\" aria-invalid=\"false\" placeholder=\"Email\" value=\"\" type=\"email\" name=\"your-email\" \/><\/span>\n\t<\/p>\n\t<p><span class=\"wpcf7-form-control-wrap\" data-name=\"you-are\"><select class=\"wpcf7-form-control wpcf7-select wpcf7-validates-as-required\" aria-required=\"true\" aria-invalid=\"false\" name=\"you-are\"><option value=\"\">You travel for<\/option><option value=\"Business\">Business<\/option><option value=\"Family\">Family<\/option><option value=\"Fun\">Fun<\/option><option value=\"Romantic\">Romantic<\/option><option value=\"Other\">Other<\/option><\/select><\/span>\n\t<\/p>\n\t<p><span class=\"wpcf7-form-control-wrap\" data-name=\"your-message\"><textarea cols=\"40\" rows=\"4\" class=\"wpcf7-form-control wpcf7-textarea\" aria-invalid=\"false\" placeholder=\"Your Message\" name=\"your-message\"><\/textarea><\/span>\n\t<\/p>\n\t<p>\n\t\n\t<\/p>\n\t<p><input class=\"wpcf7-form-control wpcf7-submit has-spinner btn-order\" type=\"submit\" value=\"Send\" \/>\n\t<\/p>\n<\/div><div class=\"wpcf7-response-output\" aria-hidden=\"true\"><\/div>\n<\/form>\n<\/div>\n[\/vc_column_text][\/vc_column][\/vc_row]<\/p>\n","protected":false},"excerpt":{"rendered":"<p>[vc_row full_height=\u00a0\u00bbyes\u00a0\u00bb text_align=\u00a0\u00bbcenter\u00a0\u00bb text_color=\u00a0\u00bb#ffffff\u00a0\u00bb type=\u00a0\u00bbimage\u00a0\u00bb bg_position_horizontal=\u00a0\u00bbcenter\u00a0\u00bb bg_attachment=\u00a0\u00bbtrue\u00a0\u00bb enable_parallax=\u00a0\u00bbfalse\u00a0\u00bb column_gap=\u00a0\u00bbno\u00a0\u00bb padding_top=\u00a0\u00bb\u00a0\u00bb padding_bottom=\u00a0\u00bb\u00a0\u00bb min_height=\u00a0\u00bb\u00a0\u00bb fixed_height=\u00a0\u00bb\u00a0\u00bb el_class=\u00a0\u00bbhomeslider\u00a0\u00bb bg_image=\u00a0\u00bb18639&Prime;][vc_column][vc_column_text el_class=\u00a0\u00bbtitreaccueil\u00a0\u00bb css=\u00a0\u00bb.vc_custom_1770308608764{background-position: center !important;background-repeat: no-repeat !important;background-size: contain !important;}\u00a0\u00bb] H\u00f4tel 3 \u00e9toiles LE MEILLEUR ENDROIT O\u00d9 S\u00c9JOURNER \u00c0 PARIS [\/vc_column_text][\/vc_column][\/vc_row][vc_row padding_top=\u00a0\u00bb130&Prime; border=\u00a0\u00bbbottom\u00a0\u00bb el_class=\u00a0\u00bbhomeintro\u00a0\u00bb][vc_column width=\u00a0\u00bb1\/2&Prime;][vc_column_text animation=\u00a0\u00bbanimate-when-visible\u00a0\u00bb css_animation=\u00a0\u00bbleft-to-right\u00a0\u00bb] Situ\u00e9 \u00e0 moins de 5mn \u00e0 pied de la Gare du Nord, dans le centre de Paris, l&rsquo;Avalon Hotel Paris [&hellip;]<\/p>\n","protected":false},"author":1,"featured_media":0,"parent":0,"menu_order":0,"comment_status":"closed","ping_status":"closed","template":"page-templates\/full-width.php","meta":{"footnotes":""},"_links":{"self":[{"href":"https:\/\/www.avalonparis.com\/fr\/wp-json\/wp\/v2\/pages\/35"}],"collection":[{"href":"https:\/\/www.avalonparis.com\/fr\/wp-json\/wp\/v2\/pages"}],"about":[{"href":"https:\/\/www.avalonparis.com\/fr\/wp-json\/wp\/v2\/types\/page"}],"author":[{"embeddable":true,"href":"https:\/\/www.avalonparis.com\/fr\/wp-json\/wp\/v2\/users\/1"}],"replies":[{"embeddable":true,"href":"https:\/\/www.avalonparis.com\/fr\/wp-json\/wp\/v2\/comments?post=35"}],"version-history":[{"count":28,"href":"https:\/\/www.avalonparis.com\/fr\/wp-json\/wp\/v2\/pages\/35\/revisions"}],"predecessor-version":[{"id":19814,"href":"https:\/\/www.avalonparis.com\/fr\/wp-json\/wp\/v2\/pages\/35\/revisions\/19814"}],"wp:attachment":[{"href":"https:\/\/www.avalonparis.com\/fr\/wp-json\/wp\/v2\/media?parent=35"}],"curies":[{"name":"wp","href":"https:\/\/api.w.org\/{rel}","templated":true}]}}