{"id":18520,"date":"2024-01-04T11:30:20","date_gmt":"2024-01-04T11:30:20","guid":{"rendered":"https:\/\/www.avalonparis.com\/?page_id=18520"},"modified":"2024-01-08T09:24:09","modified_gmt":"2024-01-08T09:24:09","slug":"exercer-vos-droits","status":"publish","type":"page","link":"https:\/\/www.avalonparis.com\/fr\/exercer-vos-droits\/","title":{"rendered":"Exercer vos droits"},"content":{"rendered":"\n<div class=\"wp-block-columns is-layout-flex wp-container-3 wp-block-columns-is-layout-flex\">\n<div class=\"wp-block-column is-layout-flow wp-block-column-is-layout-flow\">\n<p>Bienvenue sur la page d\u00e9di\u00e9e \u00e0 l&rsquo;exercice de vos droits relatifs \u00e0 la protection de vos donn\u00e9es personnelles au sein de notre \u00e9tablissement.<\/p>\n\n\n\n<p>Nous accordons une importance capitale \u00e0 la confidentialit\u00e9 et \u00e0 la s\u00e9curit\u00e9 de vos informations. Conform\u00e9ment au R\u00e8glement G\u00e9n\u00e9ral sur la Protection des Donn\u00e9es (RGPD), nous vous offrons un acc\u00e8s transparent et simplifi\u00e9 pour g\u00e9rer vos donn\u00e9es personnelles. Que vous souhaitiez acc\u00e9der \u00e0 vos donn\u00e9es, les rectifier, les effacer, ou exercer tout autre droit reconnu par le RGPD, notre formulaire est con\u00e7u pour traiter vos demandes efficacement et dans les meilleurs d\u00e9lais.<\/p>\n\n\n\n<p>Votre confiance est notre priorit\u00e9, et nous nous engageons \u00e0 garantir le respect et la protection de vos donn\u00e9es personnelles.<\/p>\n<\/div>\n\n\n\n<div class=\"wp-block-column is-layout-flow wp-block-column-is-layout-flow\">\n<div class=\"wp-block-contact-form-7-contact-form-selector\">\n<div class=\"wpcf7 no-js\" id=\"wpcf7-f18522-o1\" lang=\"fr-FR\" dir=\"ltr\">\n<div class=\"screen-reader-response\"><p role=\"status\" aria-live=\"polite\" aria-atomic=\"true\"><\/p> <ul><\/ul><\/div>\n<form action=\"\/fr\/wp-json\/wp\/v2\/pages\/18520#wpcf7-f18522-o1\" method=\"post\" class=\"wpcf7-form init\" aria-label=\"Contact form\" enctype=\"multipart\/form-data\" novalidate=\"novalidate\" data-status=\"init\">\n<div style=\"display: none;\">\n<input type=\"hidden\" name=\"_wpcf7\" value=\"18522\" \/>\n<input type=\"hidden\" name=\"_wpcf7_version\" value=\"5.9.5\" \/>\n<input type=\"hidden\" name=\"_wpcf7_locale\" value=\"fr_FR\" \/>\n<input type=\"hidden\" name=\"_wpcf7_unit_tag\" value=\"wpcf7-f18522-o1\" \/>\n<input type=\"hidden\" name=\"_wpcf7_container_post\" value=\"0\" \/>\n<input type=\"hidden\" name=\"_wpcf7_posted_data_hash\" value=\"\" \/>\n<input type=\"hidden\" name=\"_wpcf7_recaptcha_response\" value=\"\" \/>\n<\/div>\n<p><span class=\"wpcf7-form-control-wrap\" data-name=\"your-name\"><input size=\"40\" class=\"wpcf7-form-control wpcf7-text wpcf7-validates-as-required\" aria-required=\"true\" aria-invalid=\"false\" placeholder=\"Votre nom\" value=\"\" type=\"text\" name=\"your-name\" \/><\/span><span class=\"wpcf7-form-control-wrap\" data-name=\"your-email\"><input size=\"40\" class=\"wpcf7-form-control wpcf7-email wpcf7-validates-as-required wpcf7-text wpcf7-validates-as-email\" aria-required=\"true\" aria-invalid=\"false\" placeholder=\"Votre Email\" value=\"\" type=\"email\" name=\"your-email\" \/><\/span><span class=\"wpcf7-form-control-wrap\" data-name=\"your-subject\"><select class=\"wpcf7-form-control wpcf7-select wpcf7-validates-as-required\" aria-required=\"true\" aria-invalid=\"false\" name=\"your-subject\"><option value=\"\">Sujet de votre demande<\/option><option value=\"Information g\u00e9n\u00e9rale\">Information g\u00e9n\u00e9rale<\/option><option value=\"Traitement de vos donn\u00e9es\">Traitement de vos donn\u00e9es<\/option><\/select><\/span><span class=\"wpcf7-form-control-wrap\" data-name=\"your-right\"><select class=\"wpcf7-form-control wpcf7-select wpcf7-validates-as-required\" aria-required=\"true\" aria-invalid=\"false\" name=\"your-right\"><option value=\"\">Droit concern\u00e9<\/option><option value=\"Transparence\">Transparence<\/option><option value=\"Information\">Information<\/option><option value=\"Acc\u00e8s\">Acc\u00e8s<\/option><option value=\"Rectification\">Rectification<\/option><option value=\"Effacement\">Effacement<\/option><option value=\"Minimisation\">Minimisation<\/option><option value=\"Portabilit\u00e9\">Portabilit\u00e9<\/option><option value=\"Opposition\">Opposition<\/option><option value=\"D\u00e9cisions automatis\u00e9es\">D\u00e9cisions automatis\u00e9es<\/option><\/select><\/span><span class=\"wpcf7-form-control-wrap\" data-name=\"your-message\"><textarea cols=\"40\" rows=\"3\" class=\"wpcf7-form-control wpcf7-textarea\" aria-invalid=\"false\" placeholder=\"Votre demande\" name=\"your-message\"><\/textarea><\/span><br \/>\nPour toute demande concernant vos propres donn\u00e9es personnelles, veuillez joindre une copie couleur de votre pi\u00e8ce d'identit\u00e9<br \/>\n<span class=\"wpcf7-form-control-wrap\" data-name=\"document\"><input size=\"40\" class=\"wpcf7-form-control wpcf7-file\" accept=\"audio\/*,video\/*,image\/*\" aria-invalid=\"false\" type=\"file\" name=\"document\" \/><\/span><br \/>\n<input class=\"wpcf7-form-control wpcf7-submit has-spinner\" type=\"submit\" value=\"Envoyer\" \/>\n<\/p><div class=\"wpcf7-response-output\" aria-hidden=\"true\"><\/div>\n<\/form>\n<\/div>\n<\/div>\n<\/div>\n<\/div>\n","protected":false},"excerpt":{"rendered":"<p>Bienvenue sur la page d\u00e9di\u00e9e \u00e0 l&rsquo;exercice de vos droits relatifs \u00e0 la protection de vos donn\u00e9es personnelles au sein de notre \u00e9tablissement. Nous accordons une importance capitale \u00e0 la confidentialit\u00e9 et \u00e0 la s\u00e9curit\u00e9 de vos informations. Conform\u00e9ment au R\u00e8glement G\u00e9n\u00e9ral sur la Protection des Donn\u00e9es (RGPD), nous vous offrons un acc\u00e8s transparent et simplifi\u00e9 pour g\u00e9rer vos donn\u00e9es [&hellip;]<\/p>\n","protected":false},"author":1,"featured_media":0,"parent":0,"menu_order":0,"comment_status":"closed","ping_status":"closed","template":"","meta":{"footnotes":""},"_links":{"self":[{"href":"https:\/\/www.avalonparis.com\/fr\/wp-json\/wp\/v2\/pages\/18520"}],"collection":[{"href":"https:\/\/www.avalonparis.com\/fr\/wp-json\/wp\/v2\/pages"}],"about":[{"href":"https:\/\/www.avalonparis.com\/fr\/wp-json\/wp\/v2\/types\/page"}],"author":[{"embeddable":true,"href":"https:\/\/www.avalonparis.com\/fr\/wp-json\/wp\/v2\/users\/1"}],"replies":[{"embeddable":true,"href":"https:\/\/www.avalonparis.com\/fr\/wp-json\/wp\/v2\/comments?post=18520"}],"version-history":[{"count":4,"href":"https:\/\/www.avalonparis.com\/fr\/wp-json\/wp\/v2\/pages\/18520\/revisions"}],"predecessor-version":[{"id":18528,"href":"https:\/\/www.avalonparis.com\/fr\/wp-json\/wp\/v2\/pages\/18520\/revisions\/18528"}],"wp:attachment":[{"href":"https:\/\/www.avalonparis.com\/fr\/wp-json\/wp\/v2\/media?parent=18520"}],"curies":[{"name":"wp","href":"https:\/\/api.w.org\/{rel}","templated":true}]}}