{"id":12146,"date":"2017-08-03T06:36:49","date_gmt":"2017-08-03T06:36:49","guid":{"rendered":"http:\/\/www.avalonparis.com\/privacy-policy\/"},"modified":"2025-07-23T08:32:29","modified_gmt":"2025-07-23T08:32:29","slug":"terms-conditions","status":"publish","type":"page","link":"https:\/\/www.avalonparis.com\/fr\/terms-conditions\/","title":{"rendered":"Mentions l\u00e9gales &#038; CGV"},"content":{"rendered":"<h1 style=\"text-align: justify;\">Mentions l\u00e9gales \u2013 Avalon H\u00f4tel Paris<\/h1>\n<h2 style=\"text-align: justify;\">Informations g\u00e9n\u00e9rales<\/h2>\n<p>Nom de la soci\u00e9t\u00e9 : AVALON HOTEL PARIS<br \/>\nStatut juridique : Soci\u00e9t\u00e9 par actions simplifi\u00e9e (SAS)<br \/>\nSIREN : 552 113 458<br \/>\nSIRET du si\u00e8ge social : 552 113 458 00012<br \/>\nNum\u00e9ro de TVA intracommunautaire : FR08552113458<br \/>\nCode APE \/ NAF : 5510Z \u2013 H\u00f4tels et h\u00e9bergement similaire<br \/>\nDate de cr\u00e9ation : 19 septembre 1955<br \/>\nAdresse du si\u00e8ge social : 133 boulevard de Magenta, 75010 Paris, France<br \/>\nT\u00e9l\u00e9phone : \u00e0 compl\u00e9ter<br \/>\nEmail : \u00e0 compl\u00e9ter<br \/>\nDirigeant : Philippe Chicheportiche<\/p>\n<h2 style=\"text-align: justify;\">Cr\u00e9ation du site<\/h2>\n<p>Soci\u00e9t\u00e9 : DOUCE FRANCE CONSULTANT &#8211; D.F.C.<br \/>\nStatut : Soci\u00e9t\u00e9 \u00e0 responsabilit\u00e9 limit\u00e9e (SARL)<br \/>\nSIREN : 429 736 804<br \/>\nSIRET du si\u00e8ge social : 429 736 804 00031<br \/>\nNum\u00e9ro de TVA intracommunautaire : FR11429736804<br \/>\nCode APE : 7022Z \u2013 Conseil pour les affaires et autres conseils de gestion<br \/>\nAdresse : 24 rue Buffault, 75009 Paris, France<br \/>\nDirigeant : Philippe Chicheportiche<\/p>\n<h2 style=\"text-align: justify;\">H\u00e9bergement<\/h2>\n<p>Soci\u00e9t\u00e9 : OVH<br \/>\nStatut : SAS<br \/>\nSIRET : 424 761 419 00045<br \/>\nAdresse : 2 rue Kellermann, 59100 Roubaix, France<br \/>\nT\u00e9l\u00e9phone : 09 72 10 10 07<br \/>\nSite : <a href=\"https:\/\/www.ovh.com\" target=\"_blank\" rel=\"noopener noreferrer\">www.ovh.com<\/a><\/p>\n<h2 style=\"text-align: justify;\">Contenu du site<\/h2>\n<p>Le site fournit des informations relatives \u00e0 l\u2019\u00e9tablissement ainsi qu\u2019un syst\u00e8me de collecte de donn\u00e9es personnelles dans le cadre des services propos\u00e9s (r\u00e9servations, formulaires de contact\u2026).<\/p>\n<h2 style=\"text-align: justify;\">Propri\u00e9t\u00e9 intellectuelle<\/h2>\n<p>L\u2019ensemble du contenu du site est prot\u00e9g\u00e9 par la l\u00e9gislation en vigueur sur la propri\u00e9t\u00e9 intellectuelle. Toute reproduction, totale ou partielle, sans autorisation pr\u00e9alable \u00e9crite est interdite.<\/p>\n<h2 style=\"text-align: justify;\">Donn\u00e9es personnelles \u2013 RGPD<\/h2>\n<p>Conform\u00e9ment au R\u00e8glement G\u00e9n\u00e9ral sur la Protection des Donn\u00e9es (RGPD \u2013 UE 2016\/679), vous disposez d\u2019un droit d\u2019acc\u00e8s, de rectification, d\u2019effacement et d\u2019opposition au traitement des donn\u00e9es vous concernant.<br \/>\nPour exercer vos droits, contactez-nous \u00e0 : [adresse email \u00e0 compl\u00e9ter]<br \/>\nVous pouvez \u00e9galement introduire une r\u00e9clamation aupr\u00e8s de la CNIL : <a href=\"https:\/\/www.cnil.fr\" target=\"_blank\" rel=\"noopener noreferrer\">www.cnil.fr<\/a><\/p>\n<h2 style=\"text-align: justify;\">Cookies<\/h2>\n<p>Ce site utilise des cookies \u00e0 des fins de navigation, de mesure d\u2019audience et de personnalisation de contenu. Vous pouvez \u00e0 tout moment modifier les param\u00e8tres de cookies via votre navigateur.<\/p>\n<h2 style=\"text-align: justify;\">Opposition au d\u00e9marchage t\u00e9l\u00e9phonique<\/h2>\n<p>Conform\u00e9ment \u00e0 l\u2019article L.223-2 du Code de la consommation, vous pouvez vous inscrire gratuitement sur la liste d\u2019opposition au d\u00e9marchage t\u00e9l\u00e9phonique Bloctel : <a href=\"https:\/\/www.bloctel.gouv.fr\" target=\"_blank\" rel=\"noopener noreferrer\">www.bloctel.gouv.fr<\/a>.<\/p>\n<h2 style=\"text-align: justify;\">M\u00e9diation \u00e0 la consommation<\/h2>\n<p>En cas de litige, vous pouvez faire appel gratuitement \u00e0 un m\u00e9diateur de la consommation.<br \/>\nM\u00e9diateur r\u00e9f\u00e9renc\u00e9 : <strong>AME Conso<\/strong><br \/>\nAdresse : 11 Place Dauphine, 75001 Paris<br \/>\nSite : <a href=\"https:\/\/www.mediationconso-ame.com\" target=\"_blank\" rel=\"noopener noreferrer\">www.mediationconso-ame.com<\/a><br \/>\nFormulaire : <a href=\"https:\/\/www.mediationconso-ame.com\/demande-de-mediation-ame.html\" target=\"_blank\" rel=\"noopener noreferrer\">Saisir le m\u00e9diateur<\/a><\/p>\n<h2 style=\"text-align: justify;\">Droit applicable<\/h2>\n<p>Les pr\u00e9sentes mentions sont soumises au droit fran\u00e7ais. Tout litige sera de la comp\u00e9tence exclusive des tribunaux situ\u00e9s dans le ressort du si\u00e8ge social de la soci\u00e9t\u00e9.<\/p>\n<hr style=\"margin: 40px 0;\" \/>\n<h2 style=\"text-align: justify;\">Conditions G\u00e9n\u00e9rales de Vente (CGV)<\/h2>\n<p><iframe loading=\"lazy\" \n  src=\"https:\/\/www.avalonparis.com\/wp-content\/uploads\/2023\/04\/CGV-Avalon-2023.pdf\" \n  width=\"100%\" \n  height=\"600px\" \n  style=\"border:1px solid #ccc;\"\n  title=\"CGV Avalon H\u00f4tel Paris\"><br \/>\nCe navigateur ne supporte pas les PDFs int\u00e9gr\u00e9s. Vous pouvez <a href=\"https:\/\/www.avalonparis.com\/wp-content\/uploads\/2023\/04\/CGV-Avalon-2023.pdf\" target=\"_blank\" rel=\"noopener noreferrer\">t\u00e9l\u00e9charger le PDF ici.<\/a><br \/>\n<\/iframe><\/p>\n","protected":false},"excerpt":{"rendered":"<p>Mentions l\u00e9gales \u2013 Avalon H\u00f4tel Paris Informations g\u00e9n\u00e9rales Nom de la soci\u00e9t\u00e9 : AVALON HOTEL PARIS Statut juridique : Soci\u00e9t\u00e9 par actions simplifi\u00e9e (SAS) SIREN : 552 113 458 SIRET du si\u00e8ge social : 552 113 458 00012 Num\u00e9ro de TVA intracommunautaire : FR08552113458 Code APE \/ NAF : 5510Z \u2013 H\u00f4tels et h\u00e9bergement similaire Date de cr\u00e9ation : 19 [&hellip;]<\/p>\n","protected":false},"author":1,"featured_media":0,"parent":0,"menu_order":0,"comment_status":"closed","ping_status":"closed","template":"page-templates\/full-width.php","meta":{"footnotes":""},"_links":{"self":[{"href":"https:\/\/www.avalonparis.com\/fr\/wp-json\/wp\/v2\/pages\/12146"}],"collection":[{"href":"https:\/\/www.avalonparis.com\/fr\/wp-json\/wp\/v2\/pages"}],"about":[{"href":"https:\/\/www.avalonparis.com\/fr\/wp-json\/wp\/v2\/types\/page"}],"author":[{"embeddable":true,"href":"https:\/\/www.avalonparis.com\/fr\/wp-json\/wp\/v2\/users\/1"}],"replies":[{"embeddable":true,"href":"https:\/\/www.avalonparis.com\/fr\/wp-json\/wp\/v2\/comments?post=12146"}],"version-history":[{"count":4,"href":"https:\/\/www.avalonparis.com\/fr\/wp-json\/wp\/v2\/pages\/12146\/revisions"}],"predecessor-version":[{"id":19083,"href":"https:\/\/www.avalonparis.com\/fr\/wp-json\/wp\/v2\/pages\/12146\/revisions\/19083"}],"wp:attachment":[{"href":"https:\/\/www.avalonparis.com\/fr\/wp-json\/wp\/v2\/media?parent=12146"}],"curies":[{"name":"wp","href":"https:\/\/api.w.org\/{rel}","templated":true}]}}