{"id":9911,"date":"2017-06-11T14:15:08","date_gmt":"2017-06-11T14:15:08","guid":{"rendered":"http:\/\/www.avalonparis.com\/leregent\/"},"modified":"2026-02-26T16:16:45","modified_gmt":"2026-02-26T16:16:45","slug":"avalon-hotel-paris-gare-du-nord","status":"publish","type":"page","link":"https:\/\/www.avalonparis.com\/es\/","title":{"rendered":"H\u00f4tel Avalon Paris  | Site officiel"},"content":{"rendered":"<p>[vc_row full_height=\u00bbyes\u00bb text_align=\u00bbcenter\u00bb text_color=\u00bb#ffffff\u00bb type=\u00bbimage\u00bb bg_position_horizontal=\u00bbcenter\u00bb bg_attachment=\u00bbtrue\u00bb enable_parallax=\u00bbfalse\u00bb column_gap=\u00bbno\u00bb padding_top=\u00bb\u00bb padding_bottom=\u00bb\u00bb min_height=\u00bb\u00bb fixed_height=\u00bb\u00bb el_class=\u00bbhomeslider\u00bb bg_image=\u00bb18638&#8243;][vc_column]<div class=\"kleo-visibility visible-xs visible-sm\"><div class=\"text-center\"><a class=\"btn btn-highlight btn-lg\" href=\"https:\/\/www.secure-hotel-booking.com\/AvalonHotel\/JKLH\/?hotelId=28298&amp;_gl=1*2hywzr*_gcl_au*MTk2MzU1NTgzOC4xNzEyMDYzNjU0\">Book now<\/a><\/div>[vc_empty_space]<\/div>[vc_column_text el_class=\u00bbtitreaccueil\u00bb css=\u00bb.vc_custom_1771412905617{background-position: center !important;background-repeat: no-repeat !important;background-size: contain !important;}\u00bb]<\/p>\n<h1>Hotel de 3 estrellas<\/h1>\n<h2>EL MEJOR LUGAR PARA ALOJARSE EN PAR\u00cdS<\/h2>\n<p>[\/vc_column_text][\/vc_column][\/vc_row][vc_row padding_top=\u00bb130&#8243; border=\u00bbbottom\u00bb el_class=\u00bbhomeintro\u00bb][vc_column width=\u00bb1\/2&#8243;][vc_column_text animation=\u00bbanimate-when-visible\u00bb css_animation=\u00bbleft-to-right\u00bb]<\/p>\n<h1><span data-sheets-root=\"1\">Situado a menos de 5 minutos a pie de la estaci\u00f3n Gare du Nord, en el centro de Par\u00eds, el Avalon Hotel Paris Gare du Nord le invita a sumergirse en un ambiente acogedor en un edificio t\u00edpicamente parisino.<\/span><\/h1>\n<p>[\/vc_column_text][\/vc_column][vc_column width=\u00bb1\/2&#8243;][vc_column_text animation=\u00bbanimate-when-visible\u00bb]<span data-sheets-root=\"1\">Situado a pocos pasos de la estaci\u00f3n Gare du Nord, el Avalon Hotel Paris (59 habitaciones) es el punto de partida ideal para explorar la capital. El metro y el RER le permiten llegar f\u00e1cilmente al cementerio P\u00e8re-Lachaise, las Galeries Lafayette, el Stade de France o el aeropuerto Paris-Charles-de-Gaulle.<\/span><\/p>\n<p>El barrio, animado y aut\u00e9ntico, est\u00e1 repleto de restaurantes y locales t\u00edpicamente parisinos. \u00bfLe apetece descubrir la ciudad de otra manera? Alquile una bicicleta V\u00e9lib&#8217; y dir\u00edjase a los Grands Boulevards para disfrutar de una velada de teatro o un concierto.<\/p>\n<p>A pocos minutos a pie, le espera el encanto de Montmartre, con el Sacr\u00e9-C\u0153ur y la Place du Tertre.<\/p>\n<p>Reserve directamente en nuestra p\u00e1gina web para beneficiarse de las mejores tarifas garantizadas, sin gastos adicionales.<br \/>\nNuestro equipo multiling\u00fce (franc\u00e9s, ingl\u00e9s, espa\u00f1ol, alem\u00e1n) est\u00e1 a su disposici\u00f3n para que su estancia sea una experiencia inolvidable.[\/vc_column_text][\/vc_column][\/vc_row][vc_row el_id=\u00bbrooms\u00bb inner_container=\u00bbno\u00bb text_align=\u00bbcenter\u00bb padding_top=\u00bb130&#8243; padding_left=\u00bb10&#8243; padding_right=\u00bb10&#8243; el_class=\u00bbhomerooms\u00bb][vc_column][vc_column_text animation=\u00bbanimate-when-visible\u00bb css_animation=\u00bbbottom-to-top\u00bb]<\/p>\n<h2><span data-sheets-root=\"1\">Descubra nuestras habitaciones<\/span><\/h2>\n<p>[\/vc_column_text][vc_basic_grid post_type=\u00bbrooms\u00bb max_items=\u00bb10&#8243; element_width=\u00bb3&#8243; gap=\u00bb10&#8243; orderby=\u00bbmenu_order\u00bb order=\u00bbASC\u00bb item=\u00bb17963&#8243; initial_loading_animation=\u00bbnone\u00bb grid_id=\u00bbvc_gid:1772122547439-0df68c76-32df-7&#8243;][\/vc_column][\/vc_row][vc_row el_id=\u00bbservices\u00bb inner_container=\u00bbno\u00bb section_type=\u00bbalternate\u00bb padding_top=\u00bb130&#8243; padding_left=\u00bb30&#8243; padding_right=\u00bb30&#8243; visibility=\u00bbhidden-xs,hidden-sm\u00bb el_class=\u00bbhomeservices\u00bb][vc_column][vc_column_text animation=\u00bbanimate-when-visible\u00bb css_animation=\u00bbbottom-to-top\u00bb]<\/p>\n<h2 style=\"text-align: center;\"><span data-sheets-root=\"1\">Todos los servicios que necesitas<\/span><\/h2>\n<p>[\/vc_column_text][vc_row_inner][vc_column_inner width=\u00bb1\/5&#8243;][vc_icon icon_fontawesome=\u00bbfa fa-star-o\u00bb color=\u00bbsky\u00bb background_style=\u00bbrounded-outline\u00bb size=\u00bblg\u00bb align=\u00bbcenter\u00bb css_animation=\u00bbfadeInUp\u00bb][vc_column_text]<\/p>\n<h4>Informaci\u00f3n general<\/h4>\n<ul>\n<li class=\"services-list\">Recepci\u00f3n abierta las 24 horas.<\/li>\n<li class=\"services-list\">Consigna de equipaje gratuita.<\/li>\n<li class=\"services-list\">Servicio de transporte al aeropuerto (suplemento).<\/li>\n<li class=\"services-list\">Servicio de conserjer\u00eda.<\/li>\n<li class=\"services-list\">Adaptadores.<\/li>\n<li class=\"services-list\">Se admiten mascotas bajo petici\u00f3n, con un suplemento de 15 \u20ac.<\/li>\n<\/ul>\n<p>[\/vc_column_text][\/vc_column_inner][vc_column_inner width=\u00bb1\/5&#8243;][vc_icon icon_fontawesome=\u00bbfa fa-building-o\u00bb color=\u00bbsky\u00bb background_style=\u00bbrounded-outline\u00bb size=\u00bblg\u00bb align=\u00bbcenter\u00bb css_animation=\u00bbfadeInUp\u00bb][vc_column_text]<\/p>\n<h4>Instalaciones del establecimiento<\/h4>\n<ul>\n<li class=\"services-list\">Habitaciones familiares.<\/li>\n<li class=\"services-list\">Ascensor (para todas las habitaciones de la 1.\u00aa a la 5.\u00aa planta, escaleras para la 6.\u00aa).<\/li>\n<li class=\"services-list\">Doble acristalamiento.<\/li>\n<li class=\"services-list\">Sal\u00f3n com\u00fan\/sala de televisi\u00f3n.<\/li>\n<li class=\"services-list\">Conexi\u00f3n Wi-Fi gratuita e ilimitada disponible en todo el establecimiento.<\/li>\n<li class=\"services-list\">Salas de seminarios cercanas.<\/li>\n<li class=\"services-list\">Fax\/fotocopiadora.<\/li>\n<li class=\"services-list\">Papel y l\u00e1pices.<\/li>\n<\/ul>\n<p>[\/vc_column_text][\/vc_column_inner][vc_column_inner width=\u00bb1\/5&#8243;][vc_icon icon_fontawesome=\u00bbfa fa-television\u00bb color=\u00bbsky\u00bb background_style=\u00bbrounded-outline\u00bb size=\u00bblg\u00bb align=\u00bbcenter\u00bb css_animation=\u00bbfadeInUp\u00bb][vc_column_text]<\/p>\n<h4>Equipamiento de las habitaciones<\/h4>\n<ul>\n<li class=\"services-list\">Caja fuerte en recepci\u00f3n y\/o en la habitaci\u00f3n.<\/li>\n<li class=\"services-list\">Plancha y tabla de planchar.<\/li>\n<li class=\"services-list\">Establecimiento accesible para personas con discapacidad.<\/li>\n<li class=\"services-list\">Bandejas de cortes\u00eda.<\/li>\n<li class=\"services-list\">Hervidor.<\/li>\n<li class=\"services-list\">Cuarto de ba\u00f1o con ducha o ba\u00f1era.<\/li>\n<li class=\"services-list\">Secador de pelo.<\/li>\n<li class=\"services-list\">Cuna bajo petici\u00f3n.<\/li>\n<li class=\"services-list\">Calefacci\u00f3n.<\/li>\n<li class=\"services-list\">Armario.<\/li>\n<li class=\"services-list\">Espacio de trabajo.<\/li>\n<li class=\"services-list\">Lector individual.<\/li>\n<li class=\"services-list\">Televisi\u00f3n LCD v\u00eda sat\u00e9lite en cada habitaci\u00f3n.<\/li>\n<li class=\"services-list\">TNT.<\/li>\n<\/ul>\n<p>[\/vc_column_text][\/vc_column_inner][vc_column_inner width=\u00bb1\/5&#8243;][vc_icon icon_fontawesome=\u00bbfa fa-bicycle\u00bb color=\u00bbsky\u00bb background_style=\u00bbrounded-outline\u00bb size=\u00bblg\u00bb align=\u00bbcenter\u00bb css_animation=\u00bbfadeInUp\u00bb][vc_column_text]<\/p>\n<h4>Actividades<\/h4>\n<ul>\n<li class=\"services-list\">Gimnasio<\/li>\n<\/ul>\n<p>[\/vc_column_text][\/vc_column_inner][vc_column_inner width=\u00bb1\/5&#8243;][vc_icon icon_fontawesome=\u00bbfa fa-cutlery\u00bb color=\u00bbsky\u00bb background_style=\u00bbrounded-outline\u00bb size=\u00bblg\u00bb align=\u00bbcenter\u00bb css_animation=\u00bbfadeInUp\u00bb][vc_column_text]<\/p>\n<h4>Restauraci\u00f3n<\/h4>\n<ul>\n<li class=\"services-list\">Desayuno<\/li>\n<\/ul>\n<p>[\/vc_column_text][\/vc_column_inner][\/vc_row_inner][\/vc_column][\/vc_row][vc_row gap=\u00bb10&#8243; el_id=\u00bbcontact\u00bb padding_top=\u00bb130&#8243; padding_bottom=\u00bb40px\u00bb min_height=\u00bb\u00bb fixed_height=\u00bb\u00bb el_class=\u00bbhomecontact\u00bb][vc_column width=\u00bb1\/4&#8243;][vc_icon icon_fontawesome=\u00bbfa fa-map-signs\u00bb color=\u00bbsky\u00bb background_style=\u00bbrounded-outline\u00bb size=\u00bblg\u00bb align=\u00bbcenter\u00bb css_animation=\u00bbfadeInUp\u00bb][vc_column_text animation=\u00bbanimate-when-visible\u00bb css_animation=\u00bbbottom-to-top\u00bb]<\/p>\n<h4>\u00bfC\u00f3mo llegar?<\/h4>\n<p>[\/vc_column_text][vc_column_text]<span data-sheets-root=\"1\">El Avalon Hotel Paris Gare du Nord se encuentra a 3 minutos a pie de la estaci\u00f3n Gare du Nord, por donde pasan los trenes Eurostar y Thalys.<\/span><\/p>\n<p><strong>Desde el aeropuerto Charles-de-Gaulle<\/strong><br \/>\nTome la l\u00ednea RER B en direcci\u00f3n a Saint-R\u00e9my-l\u00e8s-Chevreuse o Robinson.<br \/>\nB\u00e1jese en la estaci\u00f3n Gare du Nord.<br \/>\nSalga de la estaci\u00f3n por la Rue de Dunkerque a la derecha hasta el Boulevard de Magenta.<\/p>\n<p><strong>Desde el aeropuerto de Orly<\/strong><br \/>\nTome la l\u00ednea 14 desde la estaci\u00f3n A\u00e9roport d&#8217;Orly hasta Ch\u00e2telet (8 paradas).<br \/>\nA continuaci\u00f3n, tome la l\u00ednea 4 en direcci\u00f3n a Porte de Clignancourt hasta Gare du Nord (2 paradas).<br \/>\nB\u00e1jese en la estaci\u00f3n Gare du Nord.<br \/>\nCamine unos 5 minutos por el Boulevard de Magenta hasta el n\u00famero 131.<br \/>\n<strong>Metro<\/strong>: Gare du Nord (l\u00edneas 4, 5, RER B, D, E); Barb\u00e8s Rochechouart (l\u00edneas 2 y 4); Poissonni\u00e8re (l\u00ednea 7)[\/vc_column_text][\/vc_column][vc_column width=\u00bb1\/2&#8243;][vc_icon icon_fontawesome=\u00bbfa fa-map-marker\u00bb color=\u00bbsky\u00bb background_style=\u00bbrounded-outline\u00bb size=\u00bblg\u00bb align=\u00bbcenter\u00bb css_animation=\u00bbfadeInUp\u00bb][vc_column_text animation=\u00bbanimate-when-visible\u00bb css_animation=\u00bbbottom-to-top\u00bb]<\/p>\n<h4>Direcciones<\/h4>\n<p>[\/vc_column_text][vc_gmaps link=\u00bb#E-8_JTNDaWZyYW1lJTIwc3JjJTNEJTIyaHR0cHMlM0ElMkYlMkZ3d3cuZ29vZ2xlLmNvbSUyRm1hcHMlMkZlbWJlZCUzRnBiJTNEJTIxMW0xOCUyMTFtMTIlMjExbTMlMjExZDI2MjMuODA1MzMwMTg0MTkzNyUyMTJkMi4zNDkzMDM5NTE2NDYzNjAzJTIxM2Q0OC44ODA5ODc1MDY5NjY5MyUyMTJtMyUyMTFmMCUyMTJmMCUyMTNmMCUyMTNtMiUyMTFpMTAyNCUyMTJpNzY4JTIxNGYxMy4xJTIxM20zJTIxMW0yJTIxMXMweDQ3ZTY2ZTZiZmNhMzQ5NWQlMjUzQTB4Yjg1NGIwNmIyOWE3MDgzYiUyMTJzSCUyNUMzJTI1QjR0ZWwlMkJBdmFsb24lMkJQYXJpcyUyMTVlMCUyMTNtMiUyMTFzZW4lMjEyc2lsJTIxNHYxNTEzNjY3MjgyMjM0JTIyJTIwd2lkdGglM0QlMjI2MDAlMjIlMjBoZWlnaHQlM0QlMjI0NTAlMjIlMjBmcmFtZWJvcmRlciUzRCUyMjAlMjIlMjBzdHlsZSUzRCUyMmJvcmRlciUzQTAlMjIlMjBhbGxvd2Z1bGxzY3JlZW4lM0UlM0MlMkZpZnJhbWUlM0U=\u00bb][\/vc_column][vc_column width=\u00bb1\/4&#8243;][vc_icon icon_fontawesome=\u00bbfa fa-envelope-open-o\u00bb color=\u00bbsky\u00bb background_style=\u00bbrounded-outline\u00bb size=\u00bblg\u00bb align=\u00bbcenter\u00bb css_animation=\u00bbfadeInUp\u00bb][vc_column_text animation=\u00bbanimate-when-visible\u00bb css_animation=\u00bbbottom-to-top\u00bb]<\/p>\n<h4>Env\u00edenos un mensaje<\/h4>\n<p>[\/vc_column_text][vc_column_text]\n<div class=\"wpcf7 no-js\" id=\"wpcf7-f10-o1\" lang=\"en-US\" dir=\"ltr\">\n<div class=\"screen-reader-response\"><p role=\"status\" aria-live=\"polite\" aria-atomic=\"true\"><\/p> <ul><\/ul><\/div>\n<form action=\"\/es\/wp-json\/wp\/v2\/pages\/9911#wpcf7-f10-o1\" method=\"post\" class=\"wpcf7-form init\" aria-label=\"Contact form\" novalidate=\"novalidate\" data-status=\"init\">\n<div style=\"display: none;\">\n<input type=\"hidden\" name=\"_wpcf7\" value=\"10\" \/>\n<input type=\"hidden\" name=\"_wpcf7_version\" value=\"5.9.5\" \/>\n<input type=\"hidden\" name=\"_wpcf7_locale\" value=\"en_US\" \/>\n<input type=\"hidden\" name=\"_wpcf7_unit_tag\" value=\"wpcf7-f10-o1\" \/>\n<input type=\"hidden\" name=\"_wpcf7_container_post\" value=\"0\" \/>\n<input type=\"hidden\" name=\"_wpcf7_posted_data_hash\" value=\"\" \/>\n<input type=\"hidden\" name=\"_wpcf7_recaptcha_response\" value=\"\" \/>\n<\/div>\n<div class=\"order\">\n\t<p><span class=\"wpcf7-form-control-wrap\" data-name=\"your-name\"><input size=\"40\" class=\"wpcf7-form-control wpcf7-text wpcf7-validates-as-required\" aria-required=\"true\" aria-invalid=\"false\" placeholder=\"Name\" value=\"\" type=\"text\" name=\"your-name\" \/><\/span>\n\t<\/p>\n\t<p><span class=\"wpcf7-form-control-wrap\" data-name=\"your-email\"><input size=\"40\" class=\"wpcf7-form-control wpcf7-email wpcf7-validates-as-required wpcf7-text wpcf7-validates-as-email\" aria-required=\"true\" aria-invalid=\"false\" placeholder=\"Email\" value=\"\" type=\"email\" name=\"your-email\" \/><\/span>\n\t<\/p>\n\t<p><span class=\"wpcf7-form-control-wrap\" data-name=\"you-are\"><select class=\"wpcf7-form-control wpcf7-select wpcf7-validates-as-required\" aria-required=\"true\" aria-invalid=\"false\" name=\"you-are\"><option value=\"\">You travel for<\/option><option value=\"Business\">Business<\/option><option value=\"Family\">Family<\/option><option value=\"Fun\">Fun<\/option><option value=\"Romantic\">Romantic<\/option><option value=\"Other\">Other<\/option><\/select><\/span>\n\t<\/p>\n\t<p><span class=\"wpcf7-form-control-wrap\" data-name=\"your-message\"><textarea cols=\"40\" rows=\"4\" class=\"wpcf7-form-control wpcf7-textarea\" aria-invalid=\"false\" placeholder=\"Your Message\" name=\"your-message\"><\/textarea><\/span>\n\t<\/p>\n\t<p>\n\t\n\t<\/p>\n\t<p><input class=\"wpcf7-form-control wpcf7-submit has-spinner btn-order\" type=\"submit\" value=\"Send\" \/>\n\t<\/p>\n<\/div><div class=\"wpcf7-response-output\" aria-hidden=\"true\"><\/div>\n<\/form>\n<\/div>\n[\/vc_column_text][\/vc_column][\/vc_row][vc_row][vc_column][vc_column_text][\/vc_column_text][\/vc_column][\/vc_row]<\/p>\n","protected":false},"excerpt":{"rendered":"<p>[vc_row full_height=\u00bbyes\u00bb text_align=\u00bbcenter\u00bb text_color=\u00bb#ffffff\u00bb type=\u00bbimage\u00bb bg_position_horizontal=\u00bbcenter\u00bb bg_attachment=\u00bbtrue\u00bb enable_parallax=\u00bbfalse\u00bb column_gap=\u00bbno\u00bb padding_top=\u00bb\u00bb padding_bottom=\u00bb\u00bb min_height=\u00bb\u00bb fixed_height=\u00bb\u00bb el_class=\u00bbhomeslider\u00bb bg_image=\u00bb18638&#8243;][vc_column][vc_column_text el_class=\u00bbtitreaccueil\u00bb css=\u00bb.vc_custom_1771412905617{background-position: center !important;background-repeat: no-repeat !important;background-size: contain !important;}\u00bb] Hotel de 3 estrellas EL MEJOR LUGAR PARA ALOJARSE EN PAR\u00cdS [\/vc_column_text][\/vc_column][\/vc_row][vc_row padding_top=\u00bb130&#8243; border=\u00bbbottom\u00bb el_class=\u00bbhomeintro\u00bb][vc_column width=\u00bb1\/2&#8243;][vc_column_text animation=\u00bbanimate-when-visible\u00bb css_animation=\u00bbleft-to-right\u00bb] Situado a menos de 5 minutos a pie de la estaci\u00f3n Gare du Nord, en el centro de Par\u00eds, [&hellip;]<\/p>\n","protected":false},"author":1,"featured_media":0,"parent":0,"menu_order":0,"comment_status":"closed","ping_status":"closed","template":"page-templates\/full-width.php","meta":{"footnotes":""},"_links":{"self":[{"href":"https:\/\/www.avalonparis.com\/es\/wp-json\/wp\/v2\/pages\/9911"}],"collection":[{"href":"https:\/\/www.avalonparis.com\/es\/wp-json\/wp\/v2\/pages"}],"about":[{"href":"https:\/\/www.avalonparis.com\/es\/wp-json\/wp\/v2\/types\/page"}],"author":[{"embeddable":true,"href":"https:\/\/www.avalonparis.com\/es\/wp-json\/wp\/v2\/users\/1"}],"replies":[{"embeddable":true,"href":"https:\/\/www.avalonparis.com\/es\/wp-json\/wp\/v2\/comments?post=9911"}],"version-history":[{"count":37,"href":"https:\/\/www.avalonparis.com\/es\/wp-json\/wp\/v2\/pages\/9911\/revisions"}],"predecessor-version":[{"id":19811,"href":"https:\/\/www.avalonparis.com\/es\/wp-json\/wp\/v2\/pages\/9911\/revisions\/19811"}],"wp:attachment":[{"href":"https:\/\/www.avalonparis.com\/es\/wp-json\/wp\/v2\/media?parent=9911"}],"curies":[{"name":"wp","href":"https:\/\/api.w.org\/{rel}","templated":true}]}}