{"id":9890,"date":"2017-06-11T14:15:08","date_gmt":"2017-06-11T14:15:08","guid":{"rendered":"http:\/\/www.avalonparis.com\/leregent\/"},"modified":"2026-02-26T16:12:30","modified_gmt":"2026-02-26T16:12:30","slug":"avalon-hotel-paris-gare-du-nord","status":"publish","type":"page","link":"https:\/\/www.avalonparis.com\/de\/","title":{"rendered":"H\u00f4tel Avalon Paris  | Site officiel"},"content":{"rendered":"<p>[vc_row full_height=&#8220;yes&#8220; text_align=&#8220;center&#8220; text_color=&#8220;#ffffff&#8220; type=&#8220;image&#8220; bg_position_horizontal=&#8220;center&#8220; bg_attachment=&#8220;true&#8220; enable_parallax=&#8220;false&#8220; column_gap=&#8220;no&#8220; padding_top=&#8220;&#8220; padding_bottom=&#8220;&#8220; min_height=&#8220;&#8220; fixed_height=&#8220;&#8220; el_class=&#8220;homeslider&#8220; bg_image=&#8220;18638&#8243;][vc_column]<div class=\"kleo-visibility visible-xs visible-sm\"><div class=\"text-center\"><a class=\"btn btn-highlight btn-lg\" href=\"https:\/\/www.secure-hotel-booking.com\/AvalonHotel\/JKLH\/?hotelId=28298&amp;_gl=1*2hywzr*_gcl_au*MTk2MzU1NTgzOC4xNzEyMDYzNjU0\">Book now<\/a><\/div>[vc_empty_space]<\/div>[vc_column_text el_class=&#8220;titreaccueil&#8220; css=&#8220;.vc_custom_1771409995061{background-position: center !important;background-repeat: no-repeat !important;background-size: contain !important;}&#8220;]<\/p>\n<h1><span data-sheets-root=\"1\">3-Sterne-Hotel<\/span><\/h1>\n<h2><span data-sheets-root=\"1\"><br \/>\nDER BESTE ORT F\u00dcR EINEN AUFENTHALT IN PARIS<\/span><\/h2>\n<p>[\/vc_column_text][\/vc_column][\/vc_row][vc_row padding_top=&#8220;130&#8243; border=&#8220;bottom&#8220; el_class=&#8220;homeintro&#8220;][vc_column width=&#8220;1\/2&#8243;][vc_column_text animation=&#8220;animate-when-visible&#8220; css_animation=&#8220;left-to-right&#8220;]<\/p>\n<h1><span data-sheets-root=\"1\">Das Avalon Hotel Paris Gare du Nord liegt weniger als 5 Gehminuten vom Bahnhof Gare du Nord entfernt im Zentrum von Paris und l\u00e4dt Sie ein, in die gem\u00fctliche Atmosph\u00e4re eines typisch Pariser Geb\u00e4udes einzutauchen.<\/span><\/h1>\n<p>[\/vc_column_text][\/vc_column][vc_column width=&#8220;1\/2&#8243;][vc_column_text animation=&#8220;animate-when-visible&#8220;]<span data-sheets-root=\"1\">Das Avalon Hotel Paris (59 Zimmer) liegt nur wenige Schritte vom Bahnhof Gare du Nord entfernt und ist der ideale Ausgangspunkt, um die Hauptstadt zu erkunden. Mit der Metro und der RER gelangen Sie bequem zum Friedhof P\u00e8re-Lachaise, zu den Galeries Lafayette, zum Stade de France oder zum Flughafen Paris-Charles-de-Gaulle.<\/span><\/p>\n<p>Das lebhafte und authentische Viertel bietet eine Vielzahl an Restaurants und typisch Pariser Adressen. M\u00f6chten Sie die Stadt einmal anders entdecken? Mieten Sie ein V\u00e9lib&#8216;-Fahrrad und fahren Sie zu den Grands Boulevards, um einen Theater- oder Konzertabend zu genie\u00dfen.<\/p>\n<p>Nur wenige Gehminuten entfernt erwartet Sie der Charme von Montmartre mit der Sacr\u00e9-C\u0153ur und der Place du Tertre.<\/p>\n<p>Buchen Sie direkt auf unserer Website, um die garantiert besten Preise ohne zus\u00e4tzliche Kosten zu erhalten.<br \/>\nUnser mehrsprachiges Team (Franz\u00f6sisch, Englisch, Spanisch, Deutsch) steht Ihnen gerne zur Verf\u00fcgung, um Ihren Aufenthalt zu einem gelungenen Erlebnis zu machen.[\/vc_column_text][\/vc_column][\/vc_row][vc_row el_id=&#8220;rooms&#8220; inner_container=&#8220;no&#8220; text_align=&#8220;center&#8220; padding_top=&#8220;130&#8243; padding_left=&#8220;10&#8243; padding_right=&#8220;10&#8243; el_class=&#8220;homerooms&#8220;][vc_column][vc_column_text animation=&#8220;animate-when-visible&#8220; css_animation=&#8220;bottom-to-top&#8220;]<\/p>\n<h2><span data-sheets-root=\"1\">Entdecken Sie unsere Zimmer<\/span><\/h2>\n<p>[\/vc_column_text][vc_basic_grid post_type=&#8220;rooms&#8220; max_items=&#8220;10&#8243; element_width=&#8220;3&#8243; gap=&#8220;10&#8243; orderby=&#8220;menu_order&#8220; order=&#8220;ASC&#8220; item=&#8220;17963&#8243; initial_loading_animation=&#8220;none&#8220; grid_id=&#8220;vc_gid:1772122247113-acd0c739-bb78-5&#8243;][\/vc_column][\/vc_row][vc_row el_id=&#8220;services&#8220; inner_container=&#8220;no&#8220; section_type=&#8220;alternate&#8220; padding_top=&#8220;130&#8243; padding_left=&#8220;30&#8243; padding_right=&#8220;30&#8243; visibility=&#8220;hidden-xs,hidden-sm&#8220; el_class=&#8220;homeservices&#8220;][vc_column][vc_column_text animation=&#8220;animate-when-visible&#8220; css_animation=&#8220;bottom-to-top&#8220;]<\/p>\n<h2 style=\"text-align: center;\"><span data-sheets-root=\"1\">Alle Dienstleistungen, die Sie ben\u00f6tigen<\/span><\/h2>\n<p>[\/vc_column_text][vc_row_inner][vc_column_inner width=&#8220;1\/5&#8243;][vc_icon icon_fontawesome=&#8220;fa fa-star-o&#8220; color=&#8220;sky&#8220; background_style=&#8220;rounded-outline&#8220; size=&#8220;lg&#8220; align=&#8220;center&#8220; css_animation=&#8220;fadeInUp&#8220;][vc_column_text]<\/p>\n<h4>Allgemeine Informationen<\/h4>\n<ul>\n<li>Rezeption rund um die Uhr ge\u00f6ffnet<\/li>\n<li>Kostenlose Gep\u00e4ckaufbewahrung<\/li>\n<li>Flughafentransfer (gegen Aufpreis)<\/li>\n<li>Concierge-Service<\/li>\n<li>Adapter<\/li>\n<li>Haustiere sind auf Anfrage gestattet \u2013 gegen Aufpreis (15 \u20ac)<\/li>\n<\/ul>\n<p>[\/vc_column_text][\/vc_column_inner][vc_column_inner width=&#8220;1\/5&#8243;][vc_icon icon_fontawesome=&#8220;fa fa-building-o&#8220; color=&#8220;sky&#8220; background_style=&#8220;rounded-outline&#8220; size=&#8220;lg&#8220; align=&#8220;center&#8220; css_animation=&#8220;fadeInUp&#8220;][vc_column_text]<\/p>\n<h4>Ausstattung der Einrichtung<\/h4>\n<ul>\n<li class=\"services-list\">Familienzimmer<\/li>\n<li class=\"services-list\">Aufzug (f\u00fcr alle Zimmer vom 1. bis zum 5. Stock, Treppe zum 6. Stock)<\/li>\n<li class=\"services-list\">Doppelverglasung<\/li>\n<li class=\"services-list\">Gemeinschaftsraum \/ Fernsehraum<\/li>\n<li class=\"services-list\">Kostenloser und unbegrenzter WLAN-Zugang im gesamten Geb\u00e4ude<\/li>\n<li class=\"services-list\">Seminarr\u00e4ume in der N\u00e4he<\/li>\n<li class=\"services-list\">Fax \/ Kopierer<\/li>\n<li class=\"services-list\">Papier &amp; Stifte<\/li>\n<\/ul>\n<p>[\/vc_column_text][\/vc_column_inner][vc_column_inner width=&#8220;1\/5&#8243;][vc_icon icon_fontawesome=&#8220;fa fa-television&#8220; color=&#8220;sky&#8220; background_style=&#8220;rounded-outline&#8220; size=&#8220;lg&#8220; align=&#8220;center&#8220; css_animation=&#8220;fadeInUp&#8220;][vc_column_text]<\/p>\n<h4>Ausstattung der Zimmer<\/h4>\n<ul>\n<li class=\"services-list\">Safe an der Rezeption und\/oder im Zimmer<\/li>\n<li class=\"services-list\">B\u00fcgeleisen und B\u00fcgelbrett<\/li>\n<li class=\"services-list\">Behindertengerechte Einrichtung<\/li>\n<li class=\"services-list\">Willkommenstablett<\/li>\n<li class=\"services-list\">Wasserkocher<\/li>\n<li class=\"services-list\">Badezimmer mit Dusche oder Badewanne<\/li>\n<li class=\"services-list\">Haartrockner<\/li>\n<li class=\"services-list\">Babybett auf Anfrage<\/li>\n<li class=\"services-list\">Heizung<\/li>\n<li class=\"services-list\">Kleiderschrank<\/li>\n<li class=\"services-list\">Arbeitsbereich<\/li>\n<li class=\"services-list\">Individuelle Leselampe<\/li>\n<li class=\"services-list\">LCD-Satellitenfernseher in jedem Zimmer<\/li>\n<li class=\"services-list\">TNT<\/li>\n<\/ul>\n<p>[\/vc_column_text][\/vc_column_inner][vc_column_inner width=&#8220;1\/5&#8243;][vc_icon icon_fontawesome=&#8220;fa fa-bicycle&#8220; color=&#8220;sky&#8220; background_style=&#8220;rounded-outline&#8220; size=&#8220;lg&#8220; align=&#8220;center&#8220; css_animation=&#8220;fadeInUp&#8220;][vc_column_text]<\/p>\n<h4>Aktivit\u00e4ten<\/h4>\n<ul>\n<li class=\"services-list\">Fitnessraum<\/li>\n<\/ul>\n<p>[\/vc_column_text][\/vc_column_inner][vc_column_inner width=&#8220;1\/5&#8243;][vc_icon icon_fontawesome=&#8220;fa fa-cutlery&#8220; color=&#8220;sky&#8220; background_style=&#8220;rounded-outline&#8220; size=&#8220;lg&#8220; align=&#8220;center&#8220; css_animation=&#8220;fadeInUp&#8220;][vc_column_text]<\/p>\n<h4>Verpflegung<\/h4>\n<ul>\n<li class=\"services-list\">Fr\u00fchst\u00fcck<\/li>\n<\/ul>\n<p>[\/vc_column_text][\/vc_column_inner][\/vc_row_inner][\/vc_column][\/vc_row][vc_row gap=&#8220;10&#8243; el_id=&#8220;contact&#8220; padding_top=&#8220;130&#8243; padding_bottom=&#8220;40px&#8220; min_height=&#8220;&#8220; fixed_height=&#8220;&#8220; el_class=&#8220;homecontact&#8220;][vc_column width=&#8220;1\/4&#8243;][vc_icon icon_fontawesome=&#8220;fa fa-map-signs&#8220; color=&#8220;sky&#8220; background_style=&#8220;rounded-outline&#8220; size=&#8220;lg&#8220; align=&#8220;center&#8220; css_animation=&#8220;fadeInUp&#8220;][vc_column_text animation=&#8220;animate-when-visible&#8220; css_animation=&#8220;bottom-to-top&#8220;]<\/p>\n<h4>Wie kommt man zum Hotel?<\/h4>\n<p>[\/vc_column_text][vc_column_text]<span data-sheets-root=\"1\">Das Avalon Hotel Paris Gare du Nord liegt 3 Gehminuten vom Bahnhof Gare du Nord entfernt, von dem aus die Eurostar- und Thalys-Z\u00fcge abfahren.<\/span><\/p>\n<p><strong>Vom Flughafen Charles-de-Gaulle<\/strong><br \/>\nNehmen Sie die RER B in Richtung Saint-R\u00e9my-l\u00e8s-Chevreuse oder Robinson.<br \/>\nSteigen Sie an der Station Gare du Nord aus.<br \/>\nVerlassen Sie den Bahnhof Rue de Dunkerque auf der rechten Seite bis zum Boulevard de Magenta.<\/p>\n<p><strong>Vom Flughafen Orly<\/strong><br \/>\nNehmen Sie die Linie 14 vom Bahnhof A\u00e9roport d&#8217;Orly bis Ch\u00e2telet (8 Haltestellen).<br \/>\nNehmen Sie dann die Linie 4 in Richtung Porte de Clignancourt bis Gare du Nord (2 Haltestellen).<br \/>\nSteigen Sie an der Station Gare du Nord aus.<br \/>\nGehen Sie etwa 5 Minuten auf dem Boulevard de Magenta bis zur Hausnummer 131.<br \/>\n<strong>Metro:<\/strong> Gare du Nord (Linien 4, 5, RER B, D, E); Barb\u00e8s Rochechouart (Linien 2 und 4); Poissonni\u00e8re (Linie 7)[\/vc_column_text][\/vc_column][vc_column width=&#8220;1\/2&#8243;][vc_icon icon_fontawesome=&#8220;fa fa-map-marker&#8220; color=&#8220;sky&#8220; background_style=&#8220;rounded-outline&#8220; size=&#8220;lg&#8220; align=&#8220;center&#8220; css_animation=&#8220;fadeInUp&#8220;][vc_column_text]<\/p>\n<h4>Anfahrt<\/h4>\n<p>[\/vc_column_text][vc_gmaps link=&#8220;#E-8_JTNDaWZyYW1lJTIwc3JjJTNEJTIyaHR0cHMlM0ElMkYlMkZ3d3cuZ29vZ2xlLmNvbSUyRm1hcHMlMkZlbWJlZCUzRnBiJTNEJTIxMW0xOCUyMTFtMTIlMjExbTMlMjExZDI2MjMuODA1MzMwMTg0MTkzNyUyMTJkMi4zNDkzMDM5NTE2NDYzNjAzJTIxM2Q0OC44ODA5ODc1MDY5NjY5MyUyMTJtMyUyMTFmMCUyMTJmMCUyMTNmMCUyMTNtMiUyMTFpMTAyNCUyMTJpNzY4JTIxNGYxMy4xJTIxM20zJTIxMW0yJTIxMXMweDQ3ZTY2ZTZiZmNhMzQ5NWQlMjUzQTB4Yjg1NGIwNmIyOWE3MDgzYiUyMTJzSCUyNUMzJTI1QjR0ZWwlMkJBdmFsb24lMkJQYXJpcyUyMTVlMCUyMTNtMiUyMTFzZW4lMjEyc2lsJTIxNHYxNTEzNjY3MjgyMjM0JTIyJTIwd2lkdGglM0QlMjI2MDAlMjIlMjBoZWlnaHQlM0QlMjI0NTAlMjIlMjBmcmFtZWJvcmRlciUzRCUyMjAlMjIlMjBzdHlsZSUzRCUyMmJvcmRlciUzQTAlMjIlMjBhbGxvd2Z1bGxzY3JlZW4lM0UlM0MlMkZpZnJhbWUlM0U=&#8220;][\/vc_column][vc_column width=&#8220;1\/4&#8243;][vc_icon icon_fontawesome=&#8220;fa fa-envelope-open-o&#8220; color=&#8220;sky&#8220; background_style=&#8220;rounded-outline&#8220; size=&#8220;lg&#8220; align=&#8220;center&#8220; css_animation=&#8220;fadeInUp&#8220;][vc_column_text animation=&#8220;animate-when-visible&#8220; css_animation=&#8220;bottom-to-top&#8220;]<\/p>\n<h4>Senden Sie uns eine Nachricht<\/h4>\n<p>[\/vc_column_text][vc_column_text]\n<div class=\"wpcf7 no-js\" id=\"wpcf7-f10-o1\" lang=\"en-US\" dir=\"ltr\">\n<div class=\"screen-reader-response\"><p role=\"status\" aria-live=\"polite\" aria-atomic=\"true\"><\/p> <ul><\/ul><\/div>\n<form action=\"\/de\/wp-json\/wp\/v2\/pages\/9890#wpcf7-f10-o1\" method=\"post\" class=\"wpcf7-form init\" aria-label=\"Contact form\" novalidate=\"novalidate\" data-status=\"init\">\n<div style=\"display: none;\">\n<input type=\"hidden\" name=\"_wpcf7\" value=\"10\" \/>\n<input type=\"hidden\" name=\"_wpcf7_version\" value=\"5.9.5\" \/>\n<input type=\"hidden\" name=\"_wpcf7_locale\" value=\"en_US\" \/>\n<input type=\"hidden\" name=\"_wpcf7_unit_tag\" value=\"wpcf7-f10-o1\" \/>\n<input type=\"hidden\" name=\"_wpcf7_container_post\" value=\"0\" \/>\n<input type=\"hidden\" name=\"_wpcf7_posted_data_hash\" value=\"\" \/>\n<input type=\"hidden\" name=\"_wpcf7_recaptcha_response\" value=\"\" \/>\n<\/div>\n<div class=\"order\">\n\t<p><span class=\"wpcf7-form-control-wrap\" data-name=\"your-name\"><input size=\"40\" class=\"wpcf7-form-control wpcf7-text wpcf7-validates-as-required\" aria-required=\"true\" aria-invalid=\"false\" placeholder=\"Name\" value=\"\" type=\"text\" name=\"your-name\" \/><\/span>\n\t<\/p>\n\t<p><span class=\"wpcf7-form-control-wrap\" data-name=\"your-email\"><input size=\"40\" class=\"wpcf7-form-control wpcf7-email wpcf7-validates-as-required wpcf7-text wpcf7-validates-as-email\" aria-required=\"true\" aria-invalid=\"false\" placeholder=\"Email\" value=\"\" type=\"email\" name=\"your-email\" \/><\/span>\n\t<\/p>\n\t<p><span class=\"wpcf7-form-control-wrap\" data-name=\"you-are\"><select class=\"wpcf7-form-control wpcf7-select wpcf7-validates-as-required\" aria-required=\"true\" aria-invalid=\"false\" name=\"you-are\"><option value=\"\">You travel for<\/option><option value=\"Business\">Business<\/option><option value=\"Family\">Family<\/option><option value=\"Fun\">Fun<\/option><option value=\"Romantic\">Romantic<\/option><option value=\"Other\">Other<\/option><\/select><\/span>\n\t<\/p>\n\t<p><span class=\"wpcf7-form-control-wrap\" data-name=\"your-message\"><textarea cols=\"40\" rows=\"4\" class=\"wpcf7-form-control wpcf7-textarea\" aria-invalid=\"false\" placeholder=\"Your Message\" name=\"your-message\"><\/textarea><\/span>\n\t<\/p>\n\t<p>\n\t\n\t<\/p>\n\t<p><input class=\"wpcf7-form-control wpcf7-submit has-spinner btn-order\" type=\"submit\" value=\"Send\" \/>\n\t<\/p>\n<\/div><div class=\"wpcf7-response-output\" aria-hidden=\"true\"><\/div>\n<\/form>\n<\/div>\n[\/vc_column_text][\/vc_column][\/vc_row][vc_row][vc_column][vc_column_text][\/vc_column_text][\/vc_column][\/vc_row]<\/p>\n","protected":false},"excerpt":{"rendered":"<p>[vc_row full_height=&#8220;yes&#8220; text_align=&#8220;center&#8220; text_color=&#8220;#ffffff&#8220; type=&#8220;image&#8220; bg_position_horizontal=&#8220;center&#8220; bg_attachment=&#8220;true&#8220; enable_parallax=&#8220;false&#8220; column_gap=&#8220;no&#8220; padding_top=&#8220;&#8220; padding_bottom=&#8220;&#8220; min_height=&#8220;&#8220; fixed_height=&#8220;&#8220; el_class=&#8220;homeslider&#8220; bg_image=&#8220;18638&#8243;][vc_column][vc_column_text el_class=&#8220;titreaccueil&#8220; css=&#8220;.vc_custom_1771409995061{background-position: center !important;background-repeat: no-repeat !important;background-size: contain !important;}&#8220;] 3-Sterne-Hotel DER BESTE ORT F\u00dcR EINEN AUFENTHALT IN PARIS [\/vc_column_text][\/vc_column][\/vc_row][vc_row padding_top=&#8220;130&#8243; border=&#8220;bottom&#8220; el_class=&#8220;homeintro&#8220;][vc_column width=&#8220;1\/2&#8243;][vc_column_text animation=&#8220;animate-when-visible&#8220; css_animation=&#8220;left-to-right&#8220;] Das Avalon Hotel Paris Gare du Nord liegt weniger als 5 Gehminuten vom Bahnhof Gare du Nord entfernt im Zentrum von [&hellip;]<\/p>\n","protected":false},"author":1,"featured_media":0,"parent":0,"menu_order":0,"comment_status":"closed","ping_status":"closed","template":"page-templates\/full-width.php","meta":{"footnotes":""},"_links":{"self":[{"href":"https:\/\/www.avalonparis.com\/de\/wp-json\/wp\/v2\/pages\/9890"}],"collection":[{"href":"https:\/\/www.avalonparis.com\/de\/wp-json\/wp\/v2\/pages"}],"about":[{"href":"https:\/\/www.avalonparis.com\/de\/wp-json\/wp\/v2\/types\/page"}],"author":[{"embeddable":true,"href":"https:\/\/www.avalonparis.com\/de\/wp-json\/wp\/v2\/users\/1"}],"replies":[{"embeddable":true,"href":"https:\/\/www.avalonparis.com\/de\/wp-json\/wp\/v2\/comments?post=9890"}],"version-history":[{"count":49,"href":"https:\/\/www.avalonparis.com\/de\/wp-json\/wp\/v2\/pages\/9890\/revisions"}],"predecessor-version":[{"id":19808,"href":"https:\/\/www.avalonparis.com\/de\/wp-json\/wp\/v2\/pages\/9890\/revisions\/19808"}],"wp:attachment":[{"href":"https:\/\/www.avalonparis.com\/de\/wp-json\/wp\/v2\/media?parent=9890"}],"curies":[{"name":"wp","href":"https:\/\/api.w.org\/{rel}","templated":true}]}}